{"id":2163,"date":"2024-11-15T17:18:31","date_gmt":"2024-11-15T16:18:31","guid":{"rendered":"https:\/\/www.beaune-montgolfiere.fr\/media\/"},"modified":"2025-09-03T11:49:04","modified_gmt":"2025-09-03T09:49:04","slug":"media","status":"publish","type":"page","link":"https:\/\/www.beaune-montgolfiere.fr\/en\/media\/","title":{"rendered":"Media"},"content":{"rendered":"\t\t<div data-elementor-type=\"wp-page\" data-elementor-id=\"2163\" class=\"elementor elementor-2163 elementor-93\" data-elementor-post-type=\"page\">\n\t\t\t\t<div class=\"elementor-element elementor-element-c855fb1 e-flex e-con-boxed e-con e-parent\" data-id=\"c855fb1\" data-element_type=\"container\">\n\t\t\t\t\t<div class=\"e-con-inner\">\n\t\t<div class=\"elementor-element elementor-element-3d04bda e-con-full e-flex e-con e-child\" data-id=\"3d04bda\" data-element_type=\"container\">\n\t\t<div class=\"elementor-element elementor-element-62ab29c e-con-full e-flex e-con e-child\" data-id=\"62ab29c\" data-element_type=\"container\">\n\t\t<div class=\"elementor-element elementor-element-177a7b4 e-con-full e-flex e-con e-child\" data-id=\"177a7b4\" data-element_type=\"container\">\n\t\t\t\t<\/div>\n\t\t\t\t<div class=\"elementor-element elementor-element-ce8f446 elementor-widget elementor-widget-heading\" data-id=\"ce8f446\" data-element_type=\"widget\" data-widget_type=\"heading.default\">\n\t\t\t\t<div class=\"elementor-widget-container\">\n\t\t\t\t\t<p class=\"elementor-heading-title elementor-size-default\"><a href=\"http:\/\/b\">Images, videos, Burgundy seen from a hot-air balloon<\/a><\/p>\t\t\t\t<\/div>\n\t\t\t\t<\/div>\n\t\t\t\t<\/div>\n\t\t\t\t<div class=\"elementor-element elementor-element-975b5e4 elementor-widget elementor-widget-heading\" data-id=\"975b5e4\" data-element_type=\"widget\" data-widget_type=\"heading.default\">\n\t\t\t\t<div class=\"elementor-widget-container\">\n\t\t\t\t\t<h1 class=\"elementor-heading-title elementor-size-default\">Our hot-air balloon flights in Burgundy<\/h1>\t\t\t\t<\/div>\n\t\t\t\t<\/div>\n\t\t\t\t<\/div>\n\t\t\t\t\t<\/div>\n\t\t\t\t<\/div>\n\t\t<div class=\"elementor-element elementor-element-a8e802f e-flex e-con-boxed e-con e-parent\" data-id=\"a8e802f\" data-element_type=\"container\">\n\t\t\t\t\t<div class=\"e-con-inner\">\n\t\t\t\t<div class=\"elementor-element elementor-element-abcd8f5 elementor-skin-slideshow elementor-arrows-yes elementor-widget elementor-widget-media-carousel\" data-id=\"abcd8f5\" data-element_type=\"widget\" data-settings=\"{&quot;skin&quot;:&quot;slideshow&quot;,&quot;effect&quot;:&quot;slide&quot;,&quot;show_arrows&quot;:&quot;yes&quot;,&quot;speed&quot;:500,&quot;autoplay&quot;:&quot;yes&quot;,&quot;autoplay_speed&quot;:5000,&quot;loop&quot;:&quot;yes&quot;,&quot;pause_on_hover&quot;:&quot;yes&quot;,&quot;pause_on_interaction&quot;:&quot;yes&quot;,&quot;space_between&quot;:{&quot;unit&quot;:&quot;px&quot;,&quot;size&quot;:10,&quot;sizes&quot;:[]},&quot;space_between_laptop&quot;:{&quot;unit&quot;:&quot;px&quot;,&quot;size&quot;:10,&quot;sizes&quot;:[]},&quot;space_between_tablet_extra&quot;:{&quot;unit&quot;:&quot;px&quot;,&quot;size&quot;:10,&quot;sizes&quot;:[]},&quot;space_between_tablet&quot;:{&quot;unit&quot;:&quot;px&quot;,&quot;size&quot;:10,&quot;sizes&quot;:[]},&quot;space_between_mobile&quot;:{&quot;unit&quot;:&quot;px&quot;,&quot;size&quot;:10,&quot;sizes&quot;:[]}}\" data-widget_type=\"media-carousel.default\">\n\t\t\t\t<div class=\"elementor-widget-container\">\n\t\t\t\t\t\t\t\t\t<div class=\"elementor-swiper\">\n\t\t\t\t\t<div class=\"elementor-main-swiper swiper\" role=\"region\" aria-roledescription=\"carousel\" aria-label=\"Slides\">\n\t\t\t\t<div class=\"swiper-wrapper\">\n\t\t\t\t\t\t\t\t\t\t\t<div class=\"swiper-slide\" role=\"group\" aria-roledescription=\"slide\">\n\t\t\t\t\t\t\t<a href=\"https:\/\/www.beaune-montgolfiere.fr\/wp-content\/uploads\/2024\/11\/videobeaune-1.jpg\" data-elementor-open-lightbox=\"yes\" data-elementor-lightbox-slideshow=\"abcd8f5\" data-elementor-lightbox-title=\"videobeaune\" data-e-action-hash=\"#elementor-action%3Aaction%3Dlightbox%26settings%3DeyJpZCI6MTA2MCwidXJsIjoiaHR0cHM6XC9cL3d3dy5iZWF1bmUtbW9udGdvbGZpZXJlLmZyXC93cC1jb250ZW50XC91cGxvYWRzXC8yMDI0XC8xMVwvdmlkZW9iZWF1bmUtMS5qcGciLCJzbGlkZXNob3ciOiJhYmNkOGY1In0%3D\" data-elementor-lightbox-video=\"https:\/\/www.youtube.com\/embed\/UhOngegwEzQ?feature=oembed&amp;autoplay=1&amp;rel=0&amp;controls=0\">\t\t<div class=\"elementor-carousel-image\" role=\"img\" aria-label=\"videobeaune\" style=\"background-image: url(&#039;https:\/\/www.beaune-montgolfiere.fr\/wp-content\/uploads\/2024\/11\/videobeaune-1.jpg&#039;)\">\n\n\t\t\t\n\t\t\t\t\t\t\t<div class=\"elementor-custom-embed-play\">\n\t\t\t\t\t<svg aria-hidden=\"true\" class=\"e-font-icon-svg e-eicon-play\" viewBox=\"0 0 1000 1000\" xmlns=\"http:\/\/www.w3.org\/2000\/svg\"><path d=\"M838 162C746 71 633 25 500 25 371 25 258 71 163 162 71 254 25 367 25 500 25 633 71 746 163 837 254 929 367 979 500 979 633 979 746 933 838 837 929 746 975 633 975 500 975 367 929 254 838 162M808 192C892 279 933 379 933 500 933 621 892 725 808 808 725 892 621 938 500 938 379 938 279 896 196 808 113 725 67 621 67 500 67 379 108 279 196 192 279 108 383 62 500 62 621 62 721 108 808 192M438 392V642L642 517 438 392Z\"><\/path><\/svg>\t\t\t\t\t<span class=\"elementor-screen-only\">Play<\/span>\n\t\t\t\t<\/div>\n\t\t\t\t\t<\/div>\n\t\t<\/a>\t\t\t\t\t\t<\/div>\n\t\t\t\t\t\t\t\t\t\t\t<div class=\"swiper-slide\" role=\"group\" aria-roledescription=\"slide\">\n\t\t\t\t\t\t\t\t\t<div class=\"elementor-carousel-image\" role=\"img\" aria-label=\"FAQ7\" style=\"background-image: url(&#039;https:\/\/www.beaune-montgolfiere.fr\/wp-content\/uploads\/2024\/11\/FAQ7.jpg&#039;)\">\n\n\t\t\t\n\t\t\t\t\t<\/div>\n\t\t\t\t\t\t\t\t<\/div>\n\t\t\t\t\t\t\t\t\t\t\t<div class=\"swiper-slide\" role=\"group\" aria-roledescription=\"slide\">\n\t\t\t\t\t\t\t\t\t<div class=\"elementor-carousel-image\" role=\"img\" aria-label=\"beaunemontgolfiere\" style=\"background-image: url(&#039;https:\/\/www.beaune-montgolfiere.fr\/wp-content\/uploads\/2024\/11\/beaunemontgolfiere.jpg&#039;)\">\n\n\t\t\t\n\t\t\t\t\t<\/div>\n\t\t\t\t\t\t\t\t<\/div>\n\t\t\t\t\t\t\t\t\t\t\t<div class=\"swiper-slide\" role=\"group\" aria-roledescription=\"slide\">\n\t\t\t\t\t\t\t\t\t<div class=\"elementor-carousel-image\" role=\"img\" aria-label=\"beaune\" style=\"background-image: url(&#039;https:\/\/www.beaune-montgolfiere.fr\/wp-content\/uploads\/2024\/11\/beaune-2.jpg&#039;)\">\n\n\t\t\t\n\t\t\t\t\t<\/div>\n\t\t\t\t\t\t\t\t<\/div>\n\t\t\t\t\t\t\t\t\t\t\t<div class=\"swiper-slide\" role=\"group\" aria-roledescription=\"slide\">\n\t\t\t\t\t\t\t\t\t<div class=\"elementor-carousel-image\" role=\"img\" aria-label=\"beaune\" style=\"background-image: url(&#039;https:\/\/www.beaune-montgolfiere.fr\/wp-content\/uploads\/2024\/11\/beaune-3.jpg&#039;)\">\n\n\t\t\t\n\t\t\t\t\t<\/div>\n\t\t\t\t\t\t\t\t<\/div>\n\t\t\t\t\t\t\t\t\t\t\t<div class=\"swiper-slide\" role=\"group\" aria-roledescription=\"slide\">\n\t\t\t\t\t\t\t\t\t<div class=\"elementor-carousel-image\" role=\"img\" aria-label=\"Sans-titre-4\" style=\"background-image: url(&#039;https:\/\/www.beaune-montgolfiere.fr\/wp-content\/uploads\/2024\/11\/Sans-titre-4.jpg&#039;)\">\n\n\t\t\t\n\t\t\t\t\t<\/div>\n\t\t\t\t\t\t\t\t<\/div>\n\t\t\t\t\t\t\t\t\t\t\t<div class=\"swiper-slide\" role=\"group\" aria-roledescription=\"slide\">\n\t\t\t\t\t\t\t\t\t<div class=\"elementor-carousel-image\" role=\"img\" aria-label=\"pexels-kaique-rocha-105218-scaled\" style=\"background-image: url(&#039;https:\/\/www.beaune-montgolfiere.fr\/wp-content\/uploads\/2024\/11\/pexels-kaique-rocha-105218-scaled-1.jpg&#039;)\">\n\n\t\t\t\n\t\t\t\t\t<\/div>\n\t\t\t\t\t\t\t\t<\/div>\n\t\t\t\t\t\t\t\t\t\t\t<div class=\"swiper-slide\" role=\"group\" aria-roledescription=\"slide\">\n\t\t\t\t\t\t\t\t\t<div class=\"elementor-carousel-image\" role=\"img\" aria-label=\"Vu_de_la_montgolfi\u00e8re_depuis_la_nacelle.JPG\" style=\"background-image: url(&#039;https:\/\/www.beaune-montgolfiere.fr\/wp-content\/uploads\/2024\/11\/Vu_de_la_montgolfiere_depuis_la_nacelle.JPG.jpg&#039;)\">\n\n\t\t\t\n\t\t\t\t\t<\/div>\n\t\t\t\t\t\t\t\t<\/div>\n\t\t\t\t\t\t\t\t\t\t\t<div class=\"swiper-slide\" role=\"group\" aria-roledescription=\"slide\">\n\t\t\t\t\t\t\t\t\t<div class=\"elementor-carousel-image\" role=\"img\" aria-label=\"pexels-benjamin-lehman-1436129-scaled\" style=\"background-image: url(&#039;https:\/\/www.beaune-montgolfiere.fr\/wp-content\/uploads\/2024\/11\/pexels-benjamin-lehman-1436129-scaled-1.jpg&#039;)\">\n\n\t\t\t\n\t\t\t\t\t<\/div>\n\t\t\t\t\t\t\t\t<\/div>\n\t\t\t\t\t\t\t\t\t\t\t<div class=\"swiper-slide\" role=\"group\" aria-roledescription=\"slide\">\n\t\t\t\t\t\t\t\t\t<div class=\"elementor-carousel-image\" role=\"img\" aria-label=\"pexels-boris-ulzibat-2415553-scaled\" style=\"background-image: url(&#039;https:\/\/www.beaune-montgolfiere.fr\/wp-content\/uploads\/2024\/11\/pexels-boris-ulzibat-2415553-scaled-1.jpg&#039;)\">\n\n\t\t\t\n\t\t\t\t\t<\/div>\n\t\t\t\t\t\t\t\t<\/div>\n\t\t\t\t\t\t\t\t\t\t\t<div class=\"swiper-slide\" role=\"group\" aria-roledescription=\"slide\">\n\t\t\t\t\t\t\t\t\t<div class=\"elementor-carousel-image\" role=\"img\" aria-label=\"Vol-de-groupe-12-personnes.JPG\" style=\"background-image: url(&#039;https:\/\/www.beaune-montgolfiere.fr\/wp-content\/uploads\/2024\/11\/Vol-de-groupe-12-personnes.JPG.jpg&#039;)\">\n\n\t\t\t\n\t\t\t\t\t<\/div>\n\t\t\t\t\t\t\t\t<\/div>\n\t\t\t\t\t\t\t\t\t\t\t<div class=\"swiper-slide\" role=\"group\" aria-roledescription=\"slide\">\n\t\t\t\t\t\t\t\t\t<div class=\"elementor-carousel-image\" role=\"img\" aria-label=\"P1350379-1\" style=\"background-image: url(&#039;https:\/\/www.beaune-montgolfiere.fr\/wp-content\/uploads\/2024\/11\/P1350379-1.jpg&#039;)\">\n\n\t\t\t\n\t\t\t\t\t<\/div>\n\t\t\t\t\t\t\t\t<\/div>\n\t\t\t\t\t\t\t\t\t\t\t<div class=\"swiper-slide\" role=\"group\" aria-roledescription=\"slide\">\n\t\t\t\t\t\t\t\t\t<div class=\"elementor-carousel-image\" role=\"img\" aria-label=\"Coeur_montgolfi\u00e8re\" style=\"background-image: url(&#039;https:\/\/www.beaune-montgolfiere.fr\/wp-content\/uploads\/2024\/11\/Coeur_montgolfiere.jpg&#039;)\">\n\n\t\t\t\n\t\t\t\t\t<\/div>\n\t\t\t\t\t\t\t\t<\/div>\n\t\t\t\t\t\t\t\t\t\t\t<div class=\"swiper-slide\" role=\"group\" aria-roledescription=\"slide\">\n\t\t\t\t\t\t\t\t\t<div class=\"elementor-carousel-image\" role=\"img\" aria-label=\"Beaune-hospices-et-toirure.JPG\" style=\"background-image: url(&#039;https:\/\/www.beaune-montgolfiere.fr\/wp-content\/uploads\/2024\/11\/Beaune-hospices-et-toirure.JPG.jpg&#039;)\">\n\n\t\t\t\n\t\t\t\t\t<\/div>\n\t\t\t\t\t\t\t\t<\/div>\n\t\t\t\t\t\t\t\t\t<\/div>\n\t\t\t\t\t\t\t\t\t\t\t\t\t\t\t<div class=\"elementor-swiper-button elementor-swiper-button-prev\" role=\"button\" tabindex=\"0\" aria-label=\"Previous\">\n\t\t\t\t\t\t\t<svg aria-hidden=\"true\" class=\"e-font-icon-svg e-eicon-chevron-left\" viewBox=\"0 0 1000 1000\" xmlns=\"http:\/\/www.w3.org\/2000\/svg\"><path d=\"M646 125C629 125 613 133 604 142L308 442C296 454 292 471 292 487 292 504 296 521 308 533L604 854C617 867 629 875 646 875 663 875 679 871 692 858 704 846 713 829 713 812 713 796 708 779 692 767L438 487 692 225C700 217 708 204 708 187 708 171 704 154 692 142 675 129 663 125 646 125Z\"><\/path><\/svg>\t\t\t\t\t\t<\/div>\n\t\t\t\t\t\t<div class=\"elementor-swiper-button elementor-swiper-button-next\" role=\"button\" tabindex=\"0\" aria-label=\"Next\">\n\t\t\t\t\t\t\t<svg aria-hidden=\"true\" class=\"e-font-icon-svg e-eicon-chevron-right\" viewBox=\"0 0 1000 1000\" xmlns=\"http:\/\/www.w3.org\/2000\/svg\"><path d=\"M696 533C708 521 713 504 713 487 713 471 708 454 696 446L400 146C388 133 375 125 354 125 338 125 325 129 313 142 300 154 292 171 292 187 292 204 296 221 308 233L563 492 304 771C292 783 288 800 288 817 288 833 296 850 308 863 321 871 338 875 354 875 371 875 388 867 400 854L696 533Z\"><\/path><\/svg>\t\t\t\t\t\t<\/div>\n\t\t\t\t\t\t\t\t\t\t\t\t\t\t\t\t\t<\/div>\n\t\t\t\t<\/div>\n\t\t\t\t\t\t\t\t<div class=\"elementor-swiper\">\n\t\t\t\t\t<div class=\"elementor-main-swiper swiper elementor-thumbnails-swiper swiper\" role=\"region region\" aria-roledescription=\"carousel carousel\" aria-label=\"Slides Slides\">\n\t\t\t\t<div class=\"swiper-wrapper\">\n\t\t\t\t\t\t\t\t\t\t\t<div class=\"swiper-slide\" role=\"group\" aria-roledescription=\"slide\">\n\t\t\t\t\t\t\t\t\t<div class=\"elementor-carousel-image\" role=\"img\" aria-label=\"videobeaune\" style=\"background-image: url(&#039;https:\/\/www.beaune-montgolfiere.fr\/wp-content\/uploads\/2024\/11\/videobeaune-1.jpg&#039;)\">\n\n\t\t\t\n\t\t\t\t\t<\/div>\n\t\t<\/a>\t\t\t\t\t\t<\/div>\n\t\t\t\t\t\t\t\t\t\t\t<div class=\"swiper-slide\" role=\"group\" aria-roledescription=\"slide\">\n\t\t\t\t\t\t\t\t\t<div class=\"elementor-carousel-image\" role=\"img\" aria-label=\"FAQ7\" style=\"background-image: url(&#039;https:\/\/www.beaune-montgolfiere.fr\/wp-content\/uploads\/2024\/11\/FAQ7.jpg&#039;)\">\n\n\t\t\t\n\t\t\t\t\t<\/div>\n\t\t\t\t\t\t\t\t<\/div>\n\t\t\t\t\t\t\t\t\t\t\t<div class=\"swiper-slide\" role=\"group\" aria-roledescription=\"slide\">\n\t\t\t\t\t\t\t\t\t<div class=\"elementor-carousel-image\" role=\"img\" aria-label=\"beaunemontgolfiere\" style=\"background-image: url(&#039;https:\/\/www.beaune-montgolfiere.fr\/wp-content\/uploads\/2024\/11\/beaunemontgolfiere.jpg&#039;)\">\n\n\t\t\t\n\t\t\t\t\t<\/div>\n\t\t\t\t\t\t\t\t<\/div>\n\t\t\t\t\t\t\t\t\t\t\t<div class=\"swiper-slide\" role=\"group\" aria-roledescription=\"slide\">\n\t\t\t\t\t\t\t\t\t<div class=\"elementor-carousel-image\" role=\"img\" aria-label=\"beaune\" style=\"background-image: url(&#039;https:\/\/www.beaune-montgolfiere.fr\/wp-content\/uploads\/2024\/11\/beaune-2.jpg&#039;)\">\n\n\t\t\t\n\t\t\t\t\t<\/div>\n\t\t\t\t\t\t\t\t<\/div>\n\t\t\t\t\t\t\t\t\t\t\t<div class=\"swiper-slide\" role=\"group\" aria-roledescription=\"slide\">\n\t\t\t\t\t\t\t\t\t<div class=\"elementor-carousel-image\" role=\"img\" aria-label=\"beaune\" style=\"background-image: url(&#039;https:\/\/www.beaune-montgolfiere.fr\/wp-content\/uploads\/2024\/11\/beaune-3.jpg&#039;)\">\n\n\t\t\t\n\t\t\t\t\t<\/div>\n\t\t\t\t\t\t\t\t<\/div>\n\t\t\t\t\t\t\t\t\t\t\t<div class=\"swiper-slide\" role=\"group\" aria-roledescription=\"slide\">\n\t\t\t\t\t\t\t\t\t<div class=\"elementor-carousel-image\" role=\"img\" aria-label=\"Sans-titre-4\" style=\"background-image: url(&#039;https:\/\/www.beaune-montgolfiere.fr\/wp-content\/uploads\/2024\/11\/Sans-titre-4.jpg&#039;)\">\n\n\t\t\t\n\t\t\t\t\t<\/div>\n\t\t\t\t\t\t\t\t<\/div>\n\t\t\t\t\t\t\t\t\t\t\t<div class=\"swiper-slide\" role=\"group\" aria-roledescription=\"slide\">\n\t\t\t\t\t\t\t\t\t<div class=\"elementor-carousel-image\" role=\"img\" aria-label=\"pexels-kaique-rocha-105218-scaled\" style=\"background-image: url(&#039;https:\/\/www.beaune-montgolfiere.fr\/wp-content\/uploads\/2024\/11\/pexels-kaique-rocha-105218-scaled-1.jpg&#039;)\">\n\n\t\t\t\n\t\t\t\t\t<\/div>\n\t\t\t\t\t\t\t\t<\/div>\n\t\t\t\t\t\t\t\t\t\t\t<div class=\"swiper-slide\" role=\"group\" aria-roledescription=\"slide\">\n\t\t\t\t\t\t\t\t\t<div class=\"elementor-carousel-image\" role=\"img\" aria-label=\"Vu_de_la_montgolfi\u00e8re_depuis_la_nacelle.JPG\" style=\"background-image: url(&#039;https:\/\/www.beaune-montgolfiere.fr\/wp-content\/uploads\/2024\/11\/Vu_de_la_montgolfiere_depuis_la_nacelle.JPG.jpg&#039;)\">\n\n\t\t\t\n\t\t\t\t\t<\/div>\n\t\t\t\t\t\t\t\t<\/div>\n\t\t\t\t\t\t\t\t\t\t\t<div class=\"swiper-slide\" role=\"group\" aria-roledescription=\"slide\">\n\t\t\t\t\t\t\t\t\t<div class=\"elementor-carousel-image\" role=\"img\" aria-label=\"pexels-benjamin-lehman-1436129-scaled\" style=\"background-image: url(&#039;https:\/\/www.beaune-montgolfiere.fr\/wp-content\/uploads\/2024\/11\/pexels-benjamin-lehman-1436129-scaled-1.jpg&#039;)\">\n\n\t\t\t\n\t\t\t\t\t<\/div>\n\t\t\t\t\t\t\t\t<\/div>\n\t\t\t\t\t\t\t\t\t\t\t<div class=\"swiper-slide\" role=\"group\" aria-roledescription=\"slide\">\n\t\t\t\t\t\t\t\t\t<div class=\"elementor-carousel-image\" role=\"img\" aria-label=\"pexels-boris-ulzibat-2415553-scaled\" style=\"background-image: url(&#039;https:\/\/www.beaune-montgolfiere.fr\/wp-content\/uploads\/2024\/11\/pexels-boris-ulzibat-2415553-scaled-1.jpg&#039;)\">\n\n\t\t\t\n\t\t\t\t\t<\/div>\n\t\t\t\t\t\t\t\t<\/div>\n\t\t\t\t\t\t\t\t\t\t\t<div class=\"swiper-slide\" role=\"group\" aria-roledescription=\"slide\">\n\t\t\t\t\t\t\t\t\t<div class=\"elementor-carousel-image\" role=\"img\" aria-label=\"Vol-de-groupe-12-personnes.JPG\" style=\"background-image: url(&#039;https:\/\/www.beaune-montgolfiere.fr\/wp-content\/uploads\/2024\/11\/Vol-de-groupe-12-personnes.JPG.jpg&#039;)\">\n\n\t\t\t\n\t\t\t\t\t<\/div>\n\t\t\t\t\t\t\t\t<\/div>\n\t\t\t\t\t\t\t\t\t\t\t<div class=\"swiper-slide\" role=\"group\" aria-roledescription=\"slide\">\n\t\t\t\t\t\t\t\t\t<div class=\"elementor-carousel-image\" role=\"img\" aria-label=\"P1350379-1\" style=\"background-image: url(&#039;https:\/\/www.beaune-montgolfiere.fr\/wp-content\/uploads\/2024\/11\/P1350379-1.jpg&#039;)\">\n\n\t\t\t\n\t\t\t\t\t<\/div>\n\t\t\t\t\t\t\t\t<\/div>\n\t\t\t\t\t\t\t\t\t\t\t<div class=\"swiper-slide\" role=\"group\" aria-roledescription=\"slide\">\n\t\t\t\t\t\t\t\t\t<div class=\"elementor-carousel-image\" role=\"img\" aria-label=\"Coeur_montgolfi\u00e8re\" style=\"background-image: url(&#039;https:\/\/www.beaune-montgolfiere.fr\/wp-content\/uploads\/2024\/11\/Coeur_montgolfiere.jpg&#039;)\">\n\n\t\t\t\n\t\t\t\t\t<\/div>\n\t\t\t\t\t\t\t\t<\/div>\n\t\t\t\t\t\t\t\t\t\t\t<div class=\"swiper-slide\" role=\"group\" aria-roledescription=\"slide\">\n\t\t\t\t\t\t\t\t\t<div class=\"elementor-carousel-image\" role=\"img\" aria-label=\"Beaune-hospices-et-toirure.JPG\" style=\"background-image: url(&#039;https:\/\/www.beaune-montgolfiere.fr\/wp-content\/uploads\/2024\/11\/Beaune-hospices-et-toirure.JPG.jpg&#039;)\">\n\n\t\t\t\n\t\t\t\t\t<\/div>\n\t\t\t\t\t\t\t\t<\/div>\n\t\t\t\t\t\t\t\t\t<\/div>\n\t\t\t\t\t\t\t\t\t\t\t\t\t\t\t\t\t\t\t\t\t<\/div>\n\t\t\t\t<\/div>\n\t\t\t\t\t\t\t\t<\/div>\n\t\t\t\t<\/div>\n\t\t\t\t\t<\/div>\n\t\t\t\t<\/div>\n\t\t\t\t<\/div>\n\t\t","protected":false},"excerpt":{"rendered":"<p>Images, videos, Burgundy seen from a hot-air balloon Our hot-air balloon flights in Burgundy Lire<\/p>\n","protected":false},"author":1,"featured_media":0,"parent":0,"menu_order":0,"comment_status":"closed","ping_status":"closed","template":"","meta":{"_acf_changed":false,"footnotes":""},"categories":[],"tags":[],"class_list":["post-2163","page","type-page","status-publish","hentry"],"acf":[],"yoast_head":"<!-- This site is optimized with the Yoast SEO plugin v25.8 - https:\/\/yoast.com\/wordpress\/plugins\/seo\/ -->\n<title>Media - Beaune Montgolfi\u00e8res<\/title>\n<meta name=\"robots\" content=\"index, follow, max-snippet:-1, max-image-preview:large, max-video-preview:-1\" \/>\n<link rel=\"canonical\" href=\"https:\/\/www.beaune-montgolfiere.fr\/en\/media\/\" \/>\n<meta property=\"og:locale\" content=\"en_US\" \/>\n<meta property=\"og:type\" content=\"article\" \/>\n<meta property=\"og:title\" content=\"Media - Beaune Montgolfi\u00e8res\" \/>\n<meta property=\"og:description\" content=\"Images, videos, Burgundy seen from a hot-air balloon Our hot-air balloon flights in Burgundy Lire\" \/>\n<meta property=\"og:url\" content=\"https:\/\/www.beaune-montgolfiere.fr\/en\/media\/\" \/>\n<meta property=\"og:site_name\" content=\"Beaune Montgolfi\u00e8res\" \/>\n<meta property=\"article:modified_time\" content=\"2025-09-03T09:49:04+00:00\" \/>\n<meta name=\"twitter:card\" content=\"summary_large_image\" \/>\n<script type=\"application\/ld+json\" class=\"yoast-schema-graph\">{\"@context\":\"https:\/\/schema.org\",\"@graph\":[{\"@type\":\"WebPage\",\"@id\":\"https:\/\/www.beaune-montgolfiere.fr\/en\/media\/\",\"url\":\"https:\/\/www.beaune-montgolfiere.fr\/en\/media\/\",\"name\":\"Media - Beaune Montgolfi\u00e8res\",\"isPartOf\":{\"@id\":\"https:\/\/www.beaune-montgolfiere.fr\/en\/#website\"},\"datePublished\":\"2024-11-15T16:18:31+00:00\",\"dateModified\":\"2025-09-03T09:49:04+00:00\",\"breadcrumb\":{\"@id\":\"https:\/\/www.beaune-montgolfiere.fr\/en\/media\/#breadcrumb\"},\"inLanguage\":\"en-US\",\"potentialAction\":[{\"@type\":\"ReadAction\",\"target\":[\"https:\/\/www.beaune-montgolfiere.fr\/en\/media\/\"]}]},{\"@type\":\"BreadcrumbList\",\"@id\":\"https:\/\/www.beaune-montgolfiere.fr\/en\/media\/#breadcrumb\",\"itemListElement\":[{\"@type\":\"ListItem\",\"position\":1,\"name\":\"Accueil\",\"item\":\"https:\/\/www.beaune-montgolfiere.fr\/en\/home\/\"},{\"@type\":\"ListItem\",\"position\":2,\"name\":\"Media\"}]},{\"@type\":\"WebSite\",\"@id\":\"https:\/\/www.beaune-montgolfiere.fr\/en\/#website\",\"url\":\"https:\/\/www.beaune-montgolfiere.fr\/en\/\",\"name\":\"Beaune Montgolfi\u00e8res\",\"description\":\"Votre vol en Montgolfi\u00e8re, une exp\u00e9rience unique !\",\"publisher\":{\"@id\":\"https:\/\/www.beaune-montgolfiere.fr\/en\/#organization\"},\"potentialAction\":[{\"@type\":\"SearchAction\",\"target\":{\"@type\":\"EntryPoint\",\"urlTemplate\":\"https:\/\/www.beaune-montgolfiere.fr\/en\/?s={search_term_string}\"},\"query-input\":{\"@type\":\"PropertyValueSpecification\",\"valueRequired\":true,\"valueName\":\"search_term_string\"}}],\"inLanguage\":\"en-US\"},{\"@type\":\"Organization\",\"@id\":\"https:\/\/www.beaune-montgolfiere.fr\/en\/#Organization\/\",\"name\":\"Beaune Montgolfi\u00e8res\",\"url\":\"https:\/\/www.beaune-montgolfiere.fr\/en\/\",\"logo\":{\"@type\":\"ImageObject\",\"inLanguage\":\"en-US\",\"@id\":\"https:\/\/www.beaune-montgolfiere.fr\/en\/#\/schema\/logo\/image\/\",\"url\":\"https:\/\/www.beaune-montgolfiere.fr\/wp-content\/uploads\/2024\/11\/lg-beaune-montgolfiere.png\",\"contentUrl\":\"https:\/\/www.beaune-montgolfiere.fr\/wp-content\/uploads\/2024\/11\/lg-beaune-montgolfiere.png\",\"width\":417,\"height\":594,\"caption\":\"Beaune Montgolfi\u00e8res\"},\"image\":{\"@id\":\"https:\/\/www.beaune-montgolfiere.fr\/en\/#\/schema\/logo\/image\/\"}}]}<\/script>\n<!-- \/ Yoast SEO plugin. -->","yoast_head_json":{"title":"Media - Beaune Montgolfi\u00e8res","robots":{"index":"index","follow":"follow","max-snippet":"max-snippet:-1","max-image-preview":"max-image-preview:large","max-video-preview":"max-video-preview:-1"},"canonical":"https:\/\/www.beaune-montgolfiere.fr\/en\/media\/","og_locale":"en_US","og_type":"article","og_title":"Media - Beaune Montgolfi\u00e8res","og_description":"Images, videos, Burgundy seen from a hot-air balloon Our hot-air balloon flights in Burgundy Lire","og_url":"https:\/\/www.beaune-montgolfiere.fr\/en\/media\/","og_site_name":"Beaune Montgolfi\u00e8res","article_modified_time":"2025-09-03T09:49:04+00:00","twitter_card":"summary_large_image","schema":{"@context":"https:\/\/schema.org","@graph":[{"@type":"WebPage","@id":"https:\/\/www.beaune-montgolfiere.fr\/en\/media\/","url":"https:\/\/www.beaune-montgolfiere.fr\/en\/media\/","name":"Media - Beaune Montgolfi\u00e8res","isPartOf":{"@id":"https:\/\/www.beaune-montgolfiere.fr\/en\/#website"},"datePublished":"2024-11-15T16:18:31+00:00","dateModified":"2025-09-03T09:49:04+00:00","breadcrumb":{"@id":"https:\/\/www.beaune-montgolfiere.fr\/en\/media\/#breadcrumb"},"inLanguage":"en-US","potentialAction":[{"@type":"ReadAction","target":["https:\/\/www.beaune-montgolfiere.fr\/en\/media\/"]}]},{"@type":"BreadcrumbList","@id":"https:\/\/www.beaune-montgolfiere.fr\/en\/media\/#breadcrumb","itemListElement":[{"@type":"ListItem","position":1,"name":"Accueil","item":"https:\/\/www.beaune-montgolfiere.fr\/en\/home\/"},{"@type":"ListItem","position":2,"name":"Media"}]},{"@type":"WebSite","@id":"https:\/\/www.beaune-montgolfiere.fr\/en\/#website","url":"https:\/\/www.beaune-montgolfiere.fr\/en\/","name":"Beaune Montgolfi\u00e8res","description":"Votre vol en Montgolfi\u00e8re, une exp\u00e9rience unique !","publisher":{"@id":"https:\/\/www.beaune-montgolfiere.fr\/en\/#organization"},"potentialAction":[{"@type":"SearchAction","target":{"@type":"EntryPoint","urlTemplate":"https:\/\/www.beaune-montgolfiere.fr\/en\/?s={search_term_string}"},"query-input":{"@type":"PropertyValueSpecification","valueRequired":true,"valueName":"search_term_string"}}],"inLanguage":"en-US"},{"@type":"Organization","@id":"https:\/\/www.beaune-montgolfiere.fr\/en\/#Organization\/","name":"Beaune Montgolfi\u00e8res","url":"https:\/\/www.beaune-montgolfiere.fr\/en\/","logo":{"@type":"ImageObject","inLanguage":"en-US","@id":"https:\/\/www.beaune-montgolfiere.fr\/en\/#\/schema\/logo\/image\/","url":"https:\/\/www.beaune-montgolfiere.fr\/wp-content\/uploads\/2024\/11\/lg-beaune-montgolfiere.png","contentUrl":"https:\/\/www.beaune-montgolfiere.fr\/wp-content\/uploads\/2024\/11\/lg-beaune-montgolfiere.png","width":417,"height":594,"caption":"Beaune Montgolfi\u00e8res"},"image":{"@id":"https:\/\/www.beaune-montgolfiere.fr\/en\/#\/schema\/logo\/image\/"}}]}},"_links":{"self":[{"href":"https:\/\/www.beaune-montgolfiere.fr\/en\/wp-json\/wp\/v2\/pages\/2163","targetHints":{"allow":["GET"]}}],"collection":[{"href":"https:\/\/www.beaune-montgolfiere.fr\/en\/wp-json\/wp\/v2\/pages"}],"about":[{"href":"https:\/\/www.beaune-montgolfiere.fr\/en\/wp-json\/wp\/v2\/types\/page"}],"author":[{"embeddable":true,"href":"https:\/\/www.beaune-montgolfiere.fr\/en\/wp-json\/wp\/v2\/users\/1"}],"replies":[{"embeddable":true,"href":"https:\/\/www.beaune-montgolfiere.fr\/en\/wp-json\/wp\/v2\/comments?post=2163"}],"version-history":[{"count":1,"href":"https:\/\/www.beaune-montgolfiere.fr\/en\/wp-json\/wp\/v2\/pages\/2163\/revisions"}],"predecessor-version":[{"id":2164,"href":"https:\/\/www.beaune-montgolfiere.fr\/en\/wp-json\/wp\/v2\/pages\/2163\/revisions\/2164"}],"wp:attachment":[{"href":"https:\/\/www.beaune-montgolfiere.fr\/en\/wp-json\/wp\/v2\/media?parent=2163"}],"wp:term":[{"taxonomy":"category","embeddable":true,"href":"https:\/\/www.beaune-montgolfiere.fr\/en\/wp-json\/wp\/v2\/categories?post=2163"},{"taxonomy":"post_tag","embeddable":true,"href":"https:\/\/www.beaune-montgolfiere.fr\/en\/wp-json\/wp\/v2\/tags?post=2163"}],"curies":[{"name":"wp","href":"https:\/\/api.w.org\/{rel}","templated":true}]}}