{"id":2165,"date":"2024-11-17T17:48:26","date_gmt":"2024-11-17T16:48:26","guid":{"rendered":"https:\/\/www.beaune-montgolfiere.fr\/terms-of-use\/"},"modified":"2025-09-03T11:49:04","modified_gmt":"2025-09-03T09:49:04","slug":"terms-of-use","status":"publish","type":"page","link":"https:\/\/www.beaune-montgolfiere.fr\/en\/terms-of-use\/","title":{"rendered":"Terms of use"},"content":{"rendered":"\t\t<div data-elementor-type=\"wp-page\" data-elementor-id=\"2165\" class=\"elementor elementor-2165 elementor-173\" data-elementor-post-type=\"page\">\n\t\t\t\t<div class=\"elementor-element elementor-element-b67d82f e-flex e-con-boxed e-con e-parent\" data-id=\"b67d82f\" data-element_type=\"container\">\n\t\t\t\t\t<div class=\"e-con-inner\">\n\t\t\t\t<div class=\"elementor-element elementor-element-fbe61c1 elementor-widget elementor-widget-heading\" data-id=\"fbe61c1\" data-element_type=\"widget\" data-widget_type=\"heading.default\">\n\t\t\t\t<div class=\"elementor-widget-container\">\n\t\t\t\t\t<h1 class=\"elementor-heading-title elementor-size-default\">Terms of use<\/h1>\t\t\t\t<\/div>\n\t\t\t\t<\/div>\n\t\t\t\t\t<\/div>\n\t\t\t\t<\/div>\n\t\t<div class=\"elementor-element elementor-element-8ab7444 e-flex e-con-boxed e-con e-parent\" data-id=\"8ab7444\" data-element_type=\"container\">\n\t\t\t\t\t<div class=\"e-con-inner\">\n\t\t\t\t<div class=\"elementor-element elementor-element-b941a92 elementor-widget elementor-widget-text-editor\" data-id=\"b941a92\" data-element_type=\"widget\" data-widget_type=\"text-editor.default\">\n\t\t\t\t<div class=\"elementor-widget-container\">\n\t\t\t\t\t\t\t\t\t<p>The images and texts used on this site are the property of Beaune Montgolfi\u00e8re or its assignees, with the exception of brands cited for information purposes.<\/p><p>Any use or reproduction in any form whatsoever and on any media, including digital, is prohibited. The brands mentioned on this site are the property of their respective authors and are given for information purposes only, without any commitment on their part or on the part of Beaune Montgolfi\u00e8re.<\/p><p>AIR-BOURGOGNE-MONTGOLFIERES. SASU<br>Entreprise de Transport A\u00e9rien<\/p><p>N\u00b0 819 286 2612 R.S.C.DIJON<\/p><p>Holder of the CTA Air Carrier Certificate no. F-NE 050 and an air carrier&#8217;s license for the public transport of passengers in free balloons.<br>Beaune Montgolfi\u00e8re<br>15 rue du Moulin Landin 21190 Meursault<br>06.51.56.82.56<br>Publishing director and editor: Mr Bruno Baroux.<\/p><p>Host: Infomaniak<br>Head office: Rue Eug\u00e8ne-Marziano 25, 1227 Geneva, Switzerland<\/p>\t\t\t\t\t\t\t\t<\/div>\n\t\t\t\t<\/div>\n\t\t\t\t\t<\/div>\n\t\t\t\t<\/div>\n\t\t\t\t<\/div>\n\t\t","protected":false},"excerpt":{"rendered":"<p>The images and texts used on this site are the property of Beaune Montgolfi\u00e8re or its assignees, with the exception of brands cited for information purposes. Any use or reproduction in any form whatsoever and on any media, including digital, is prohibited. The brands mentioned on this site are the property of their respective authors [&hellip;]<\/p>\n","protected":false},"author":1,"featured_media":0,"parent":0,"menu_order":0,"comment_status":"closed","ping_status":"closed","template":"","meta":{"_acf_changed":false,"footnotes":""},"categories":[],"tags":[],"class_list":["post-2165","page","type-page","status-publish","hentry"],"acf":[],"yoast_head":"<!-- This site is optimized with the Yoast SEO plugin v25.8 - https:\/\/yoast.com\/wordpress\/plugins\/seo\/ -->\n<title>Terms of use - Beaune Montgolfi\u00e8res<\/title>\n<meta name=\"robots\" content=\"index, follow, max-snippet:-1, max-image-preview:large, max-video-preview:-1\" \/>\n<link rel=\"canonical\" href=\"https:\/\/www.beaune-montgolfiere.fr\/en\/terms-of-use\/\" \/>\n<meta property=\"og:locale\" content=\"en_US\" \/>\n<meta property=\"og:type\" content=\"article\" \/>\n<meta property=\"og:title\" content=\"Terms of use - Beaune Montgolfi\u00e8res\" \/>\n<meta property=\"og:description\" content=\"The images and texts used on this site are the property of Beaune Montgolfi\u00e8re or its assignees, with the exception of brands cited for information purposes. Any use or reproduction in any form whatsoever and on any media, including digital, is prohibited. The brands mentioned on this site are the property of their respective authors [&hellip;]\" \/>\n<meta property=\"og:url\" content=\"https:\/\/www.beaune-montgolfiere.fr\/en\/terms-of-use\/\" \/>\n<meta property=\"og:site_name\" content=\"Beaune Montgolfi\u00e8res\" \/>\n<meta property=\"article:modified_time\" content=\"2025-09-03T09:49:04+00:00\" \/>\n<meta name=\"twitter:card\" content=\"summary_large_image\" \/>\n<meta name=\"twitter:label1\" content=\"Est. reading time\" \/>\n\t<meta name=\"twitter:data1\" content=\"1 minute\" \/>\n<script type=\"application\/ld+json\" class=\"yoast-schema-graph\">{\"@context\":\"https:\/\/schema.org\",\"@graph\":[{\"@type\":\"WebPage\",\"@id\":\"https:\/\/www.beaune-montgolfiere.fr\/en\/terms-of-use\/\",\"url\":\"https:\/\/www.beaune-montgolfiere.fr\/en\/terms-of-use\/\",\"name\":\"Terms of use - Beaune Montgolfi\u00e8res\",\"isPartOf\":{\"@id\":\"https:\/\/www.beaune-montgolfiere.fr\/en\/#website\"},\"datePublished\":\"2024-11-17T16:48:26+00:00\",\"dateModified\":\"2025-09-03T09:49:04+00:00\",\"breadcrumb\":{\"@id\":\"https:\/\/www.beaune-montgolfiere.fr\/en\/terms-of-use\/#breadcrumb\"},\"inLanguage\":\"en-US\",\"potentialAction\":[{\"@type\":\"ReadAction\",\"target\":[\"https:\/\/www.beaune-montgolfiere.fr\/en\/terms-of-use\/\"]}]},{\"@type\":\"BreadcrumbList\",\"@id\":\"https:\/\/www.beaune-montgolfiere.fr\/en\/terms-of-use\/#breadcrumb\",\"itemListElement\":[{\"@type\":\"ListItem\",\"position\":1,\"name\":\"Accueil\",\"item\":\"https:\/\/www.beaune-montgolfiere.fr\/en\/home\/\"},{\"@type\":\"ListItem\",\"position\":2,\"name\":\"Terms of use\"}]},{\"@type\":\"WebSite\",\"@id\":\"https:\/\/www.beaune-montgolfiere.fr\/en\/#website\",\"url\":\"https:\/\/www.beaune-montgolfiere.fr\/en\/\",\"name\":\"Beaune Montgolfi\u00e8res\",\"description\":\"Votre vol en Montgolfi\u00e8re, une exp\u00e9rience unique !\",\"publisher\":{\"@id\":\"https:\/\/www.beaune-montgolfiere.fr\/en\/#organization\"},\"potentialAction\":[{\"@type\":\"SearchAction\",\"target\":{\"@type\":\"EntryPoint\",\"urlTemplate\":\"https:\/\/www.beaune-montgolfiere.fr\/en\/?s={search_term_string}\"},\"query-input\":{\"@type\":\"PropertyValueSpecification\",\"valueRequired\":true,\"valueName\":\"search_term_string\"}}],\"inLanguage\":\"en-US\"},{\"@type\":\"Organization\",\"@id\":\"https:\/\/www.beaune-montgolfiere.fr\/en\/#Organization\/\",\"name\":\"Beaune Montgolfi\u00e8res\",\"url\":\"https:\/\/www.beaune-montgolfiere.fr\/en\/\",\"logo\":{\"@type\":\"ImageObject\",\"inLanguage\":\"en-US\",\"@id\":\"https:\/\/www.beaune-montgolfiere.fr\/en\/#\/schema\/logo\/image\/\",\"url\":\"https:\/\/www.beaune-montgolfiere.fr\/wp-content\/uploads\/2024\/11\/lg-beaune-montgolfiere.png\",\"contentUrl\":\"https:\/\/www.beaune-montgolfiere.fr\/wp-content\/uploads\/2024\/11\/lg-beaune-montgolfiere.png\",\"width\":417,\"height\":594,\"caption\":\"Beaune Montgolfi\u00e8res\"},\"image\":{\"@id\":\"https:\/\/www.beaune-montgolfiere.fr\/en\/#\/schema\/logo\/image\/\"}}]}<\/script>\n<!-- \/ Yoast SEO plugin. -->","yoast_head_json":{"title":"Terms of use - Beaune Montgolfi\u00e8res","robots":{"index":"index","follow":"follow","max-snippet":"max-snippet:-1","max-image-preview":"max-image-preview:large","max-video-preview":"max-video-preview:-1"},"canonical":"https:\/\/www.beaune-montgolfiere.fr\/en\/terms-of-use\/","og_locale":"en_US","og_type":"article","og_title":"Terms of use - Beaune Montgolfi\u00e8res","og_description":"The images and texts used on this site are the property of Beaune Montgolfi\u00e8re or its assignees, with the exception of brands cited for information purposes. Any use or reproduction in any form whatsoever and on any media, including digital, is prohibited. The brands mentioned on this site are the property of their respective authors [&hellip;]","og_url":"https:\/\/www.beaune-montgolfiere.fr\/en\/terms-of-use\/","og_site_name":"Beaune Montgolfi\u00e8res","article_modified_time":"2025-09-03T09:49:04+00:00","twitter_card":"summary_large_image","twitter_misc":{"Est. reading time":"1 minute"},"schema":{"@context":"https:\/\/schema.org","@graph":[{"@type":"WebPage","@id":"https:\/\/www.beaune-montgolfiere.fr\/en\/terms-of-use\/","url":"https:\/\/www.beaune-montgolfiere.fr\/en\/terms-of-use\/","name":"Terms of use - Beaune Montgolfi\u00e8res","isPartOf":{"@id":"https:\/\/www.beaune-montgolfiere.fr\/en\/#website"},"datePublished":"2024-11-17T16:48:26+00:00","dateModified":"2025-09-03T09:49:04+00:00","breadcrumb":{"@id":"https:\/\/www.beaune-montgolfiere.fr\/en\/terms-of-use\/#breadcrumb"},"inLanguage":"en-US","potentialAction":[{"@type":"ReadAction","target":["https:\/\/www.beaune-montgolfiere.fr\/en\/terms-of-use\/"]}]},{"@type":"BreadcrumbList","@id":"https:\/\/www.beaune-montgolfiere.fr\/en\/terms-of-use\/#breadcrumb","itemListElement":[{"@type":"ListItem","position":1,"name":"Accueil","item":"https:\/\/www.beaune-montgolfiere.fr\/en\/home\/"},{"@type":"ListItem","position":2,"name":"Terms of use"}]},{"@type":"WebSite","@id":"https:\/\/www.beaune-montgolfiere.fr\/en\/#website","url":"https:\/\/www.beaune-montgolfiere.fr\/en\/","name":"Beaune Montgolfi\u00e8res","description":"Votre vol en Montgolfi\u00e8re, une exp\u00e9rience unique !","publisher":{"@id":"https:\/\/www.beaune-montgolfiere.fr\/en\/#organization"},"potentialAction":[{"@type":"SearchAction","target":{"@type":"EntryPoint","urlTemplate":"https:\/\/www.beaune-montgolfiere.fr\/en\/?s={search_term_string}"},"query-input":{"@type":"PropertyValueSpecification","valueRequired":true,"valueName":"search_term_string"}}],"inLanguage":"en-US"},{"@type":"Organization","@id":"https:\/\/www.beaune-montgolfiere.fr\/en\/#Organization\/","name":"Beaune Montgolfi\u00e8res","url":"https:\/\/www.beaune-montgolfiere.fr\/en\/","logo":{"@type":"ImageObject","inLanguage":"en-US","@id":"https:\/\/www.beaune-montgolfiere.fr\/en\/#\/schema\/logo\/image\/","url":"https:\/\/www.beaune-montgolfiere.fr\/wp-content\/uploads\/2024\/11\/lg-beaune-montgolfiere.png","contentUrl":"https:\/\/www.beaune-montgolfiere.fr\/wp-content\/uploads\/2024\/11\/lg-beaune-montgolfiere.png","width":417,"height":594,"caption":"Beaune Montgolfi\u00e8res"},"image":{"@id":"https:\/\/www.beaune-montgolfiere.fr\/en\/#\/schema\/logo\/image\/"}}]}},"_links":{"self":[{"href":"https:\/\/www.beaune-montgolfiere.fr\/en\/wp-json\/wp\/v2\/pages\/2165","targetHints":{"allow":["GET"]}}],"collection":[{"href":"https:\/\/www.beaune-montgolfiere.fr\/en\/wp-json\/wp\/v2\/pages"}],"about":[{"href":"https:\/\/www.beaune-montgolfiere.fr\/en\/wp-json\/wp\/v2\/types\/page"}],"author":[{"embeddable":true,"href":"https:\/\/www.beaune-montgolfiere.fr\/en\/wp-json\/wp\/v2\/users\/1"}],"replies":[{"embeddable":true,"href":"https:\/\/www.beaune-montgolfiere.fr\/en\/wp-json\/wp\/v2\/comments?post=2165"}],"version-history":[{"count":1,"href":"https:\/\/www.beaune-montgolfiere.fr\/en\/wp-json\/wp\/v2\/pages\/2165\/revisions"}],"predecessor-version":[{"id":2166,"href":"https:\/\/www.beaune-montgolfiere.fr\/en\/wp-json\/wp\/v2\/pages\/2165\/revisions\/2166"}],"wp:attachment":[{"href":"https:\/\/www.beaune-montgolfiere.fr\/en\/wp-json\/wp\/v2\/media?parent=2165"}],"wp:term":[{"taxonomy":"category","embeddable":true,"href":"https:\/\/www.beaune-montgolfiere.fr\/en\/wp-json\/wp\/v2\/categories?post=2165"},{"taxonomy":"post_tag","embeddable":true,"href":"https:\/\/www.beaune-montgolfiere.fr\/en\/wp-json\/wp\/v2\/tags?post=2165"}],"curies":[{"name":"wp","href":"https:\/\/api.w.org\/{rel}","templated":true}]}}