{"id":2169,"date":"2024-11-22T08:41:24","date_gmt":"2024-11-22T07:41:24","guid":{"rendered":"https:\/\/www.beaune-montgolfiere.fr\/flying-school\/"},"modified":"2025-09-03T11:49:04","modified_gmt":"2025-09-03T09:49:04","slug":"flying-school","status":"publish","type":"page","link":"https:\/\/www.beaune-montgolfiere.fr\/en\/flying-school\/","title":{"rendered":"Flying school"},"content":{"rendered":"\t\t<div data-elementor-type=\"wp-page\" data-elementor-id=\"2169\" class=\"elementor elementor-2169 elementor-684\" data-elementor-post-type=\"page\">\n\t\t\t\t<div class=\"elementor-element elementor-element-242b38d e-flex e-con-boxed e-con e-parent\" data-id=\"242b38d\" data-element_type=\"container\">\n\t\t\t\t\t<div class=\"e-con-inner\">\n\t\t<div class=\"elementor-element elementor-element-140de0d e-con-full elementor-hidden-mobile e-flex e-con e-child\" data-id=\"140de0d\" data-element_type=\"container\">\n\t\t<div class=\"elementor-element elementor-element-7d08e68 e-con-full e-flex e-con e-child\" data-id=\"7d08e68\" data-element_type=\"container\">\n\t\t\t\t<div class=\"elementor-element elementor-element-f5f8096 elementor-widget elementor-widget-image\" data-id=\"f5f8096\" data-element_type=\"widget\" data-widget_type=\"image.default\">\n\t\t\t\t<div class=\"elementor-widget-container\">\n\t\t\t\t\t\t\t\t\t\t\t\t\t\t\t<img fetchpriority=\"high\" decoding=\"async\" width=\"600\" height=\"600\" src=\"https:\/\/www.beaune-montgolfiere.fr\/wp-content\/uploads\/2024\/11\/pilotage.jpg\" class=\"attachment-large size-large wp-image-1093\" alt=\"\" srcset=\"https:\/\/www.beaune-montgolfiere.fr\/wp-content\/uploads\/2024\/11\/pilotage.jpg 600w, https:\/\/www.beaune-montgolfiere.fr\/wp-content\/uploads\/2024\/11\/pilotage-300x300.jpg 300w, https:\/\/www.beaune-montgolfiere.fr\/wp-content\/uploads\/2024\/11\/pilotage-100x100.jpg 100w, https:\/\/www.beaune-montgolfiere.fr\/wp-content\/uploads\/2024\/11\/pilotage-150x150.jpg 150w\" sizes=\"(max-width: 600px) 100vw, 600px\" \/>\t\t\t\t\t\t\t\t\t\t\t\t\t\t\t<\/div>\n\t\t\t\t<\/div>\n\t\t\t\t<div class=\"elementor-element elementor-element-3389d4f elementor-widget elementor-widget-image\" data-id=\"3389d4f\" data-element_type=\"widget\" data-widget_type=\"image.default\">\n\t\t\t\t<div class=\"elementor-widget-container\">\n\t\t\t\t\t\t\t\t\t\t\t\t\t\t\t<img decoding=\"async\" width=\"278\" height=\"278\" src=\"https:\/\/www.beaune-montgolfiere.fr\/wp-content\/uploads\/2024\/11\/74388650_806595343104869_8213536096403849216_n-1.jpg\" class=\"attachment-large size-large wp-image-1025\" alt=\"\" srcset=\"https:\/\/www.beaune-montgolfiere.fr\/wp-content\/uploads\/2024\/11\/74388650_806595343104869_8213536096403849216_n-1.jpg 278w, https:\/\/www.beaune-montgolfiere.fr\/wp-content\/uploads\/2024\/11\/74388650_806595343104869_8213536096403849216_n-1-100x100.jpg 100w, https:\/\/www.beaune-montgolfiere.fr\/wp-content\/uploads\/2024\/11\/74388650_806595343104869_8213536096403849216_n-1-150x150.jpg 150w\" sizes=\"(max-width: 278px) 100vw, 278px\" \/>\t\t\t\t\t\t\t\t\t\t\t\t\t\t\t<\/div>\n\t\t\t\t<\/div>\n\t\t\t\t<\/div>\n\t\t\t\t<\/div>\n\t\t<div class=\"elementor-element elementor-element-efe6836 e-con-full e-flex e-con e-child\" data-id=\"efe6836\" data-element_type=\"container\">\n\t\t<div class=\"elementor-element elementor-element-3e28ad4 e-con-full e-flex e-con e-child\" data-id=\"3e28ad4\" data-element_type=\"container\">\n\t\t<div class=\"elementor-element elementor-element-16c46ee e-con-full e-flex e-con e-child\" data-id=\"16c46ee\" data-element_type=\"container\">\n\t\t\t\t<\/div>\n\t\t\t\t<div class=\"elementor-element elementor-element-0577596 elementor-widget elementor-widget-heading\" data-id=\"0577596\" data-element_type=\"widget\" data-widget_type=\"heading.default\">\n\t\t\t\t<div class=\"elementor-widget-container\">\n\t\t\t\t\t<p class=\"elementor-heading-title elementor-size-default\">Hot-air balloon training<\/p>\t\t\t\t<\/div>\n\t\t\t\t<\/div>\n\t\t\t\t<\/div>\n\t\t\t\t<div class=\"elementor-element elementor-element-7e6ad13 elementor-widget elementor-widget-heading\" data-id=\"7e6ad13\" data-element_type=\"widget\" data-widget_type=\"heading.default\">\n\t\t\t\t<div class=\"elementor-widget-container\">\n\t\t\t\t\t<h1 class=\"elementor-heading-title elementor-size-default\">Learn to fly a hot-air balloon<\/h1>\t\t\t\t<\/div>\n\t\t\t\t<\/div>\n\t\t\t\t<div class=\"elementor-element elementor-element-cb1d665 elementor-widget elementor-widget-text-editor\" data-id=\"cb1d665\" data-element_type=\"widget\" data-widget_type=\"text-editor.default\">\n\t\t\t\t<div class=\"elementor-widget-container\">\n\t\t\t\t\t\t\t\t\t<div class=\"wpb_text_column wpb_content_element \"><div class=\"wpb_wrapper\"><p>Whether it&#8217;s for a single flight or for the rest of your life, <strong>Beaune-Montgolfi\u00e8re<\/strong> offers training by a federal instructor. He can teach you the rigorous art of hot-air balloon piloting, while sharing his passion with you in a friendly atmosphere.<\/p><\/div><\/div><div class=\"vc_empty_space\"> <\/div><div class=\"wpb_text_column wpb_content_element \"><div class=\"wpb_wrapper\"><p>Following solid training in hot-air balloon piloting, and after passing theoretical and practical tests, you&#8217;ll be awarded your pilot&#8217;s license.<\/p><\/div><\/div>\t\t\t\t\t\t\t\t<\/div>\n\t\t\t\t<\/div>\n\t\t\t\t<div class=\"elementor-element elementor-element-8eaacb5 elementor-align-center elementor-widget elementor-widget-button\" data-id=\"8eaacb5\" data-element_type=\"widget\" data-widget_type=\"button.default\">\n\t\t\t\t<div class=\"elementor-widget-container\">\n\t\t\t\t\t\t\t\t\t<div class=\"elementor-button-wrapper\">\n\t\t\t\t\t<a class=\"elementor-button elementor-button-link elementor-size-sm\" href=\"https:\/\/www.beaune-montgolfiere.fr\/contact\/\">\n\t\t\t\t\t\t<span class=\"elementor-button-content-wrapper\">\n\t\t\t\t\t\t\t\t\t<span class=\"elementor-button-text\">Contact us<\/span>\n\t\t\t\t\t<\/span>\n\t\t\t\t\t<\/a>\n\t\t\t\t<\/div>\n\t\t\t\t\t\t\t\t<\/div>\n\t\t\t\t<\/div>\n\t\t\t\t<\/div>\n\t\t\t\t\t<\/div>\n\t\t\t\t<\/div>\n\t\t<div class=\"elementor-element elementor-element-c250d55 e-flex e-con-boxed e-con e-parent\" data-id=\"c250d55\" data-element_type=\"container\">\n\t\t\t\t\t<div class=\"e-con-inner\">\n\t\t\t\t<div class=\"elementor-element elementor-element-14579ca elementor-widget elementor-widget-text-editor\" data-id=\"14579ca\" data-element_type=\"widget\" data-widget_type=\"text-editor.default\">\n\t\t\t\t<div class=\"elementor-widget-container\">\n\t\t\t\t\t\t\t\t\t<div class=\"wpb_text_column wpb_content_element \"><div class=\"wpb_wrapper\"><p><strong>Training<\/strong><\/p><\/div><\/div><div class=\"vc_empty_space\"> <\/div><div class=\"wpb_text_column wpb_content_element \"><div class=\"wpb_wrapper\"><p><strong>Practical:<\/strong> The courses are given during 16 minimum flights (approx. 45 minutes) around Beaune in dual control with your instructor. The length of training depends on your availability and the weather conditions, but it&#8217;s reasonable to expect a few months of solid, high-quality training, validated by two solo flights. We provide you with all the latest equipment you need (envelope, nacelle, burner, gas, trailer, 4X4 vehicle, etc.).<\/p><\/div><\/div><div class=\"vc_empty_space\"> <\/div><div class=\"wpb_text_column wpb_content_element \"><div class=\"wpb_wrapper\"><p><strong>Theory:<\/strong> Approximately 12 hours of lessons are spread throughout the course, covering air traffic regulations, flight technique, meteorology, navigation and gases. . . These courses can take place on board during the flight, in situ.<\/p><\/div><\/div><div class=\"vc_empty_space\"> <\/div><div class=\"vc_empty_space\"> <\/div><div class=\"wpb_text_column wpb_content_element \"><div class=\"wpb_wrapper\"><p><strong>Regulations<\/strong><\/p><\/div><\/div><div class=\"vc_empty_space\"> <\/div><div class=\"wpb_text_column wpb_content_element \"><div class=\"wpb_wrapper\"><p>The regulations require a minimum of 16 hours flying time as a hot-air balloon pilot, including at least 12 ascents. Two of these ascents, lasting a total of at least 2 hours, must be made with the pilot alone on board, including one at an altitude of over 1000 meters. At the end of these solos, you can be &#8220;released&#8221;, fit to take the flight test with an examiner. The flight test also includes a radiotelephony test.<\/p><\/div><\/div><div class=\"vc_empty_space\"> <\/div><div class=\"wpb_text_column wpb_content_element \"><div class=\"wpb_wrapper\"><p>Hot-air ballooning is regulated by the French Civil Aviation Authority (DGAC). You need a balloon pilot&#8217;s license to fly. To do so, you need to pass a medical examination by a civil aviation-approved doctor, and be at least 17 years old.<\/p><\/div><\/div><div class=\"vc_empty_space\"> <\/div><div class=\"vc_empty_space\"> <\/div>\t\t\t\t\t\t\t\t<\/div>\n\t\t\t\t<\/div>\n\t\t\t\t\t<\/div>\n\t\t\t\t<\/div>\n\t\t\t\t<\/div>\n\t\t","protected":false},"excerpt":{"rendered":"<p>Hot-air balloon training Learn to fly a hot-air balloon Whether it&#8217;s for a single flight or for the rest of your life, Beaune-Montgolfi\u00e8re offers training by a federal instructor. He can teach you the rigorous art of hot-air balloon piloting, while sharing his passion with you in a friendly atmosphere. Following solid training in hot-air [&hellip;]<\/p>\n","protected":false},"author":1,"featured_media":0,"parent":0,"menu_order":0,"comment_status":"closed","ping_status":"closed","template":"","meta":{"_acf_changed":false,"footnotes":""},"categories":[],"tags":[],"class_list":["post-2169","page","type-page","status-publish","hentry"],"acf":[],"yoast_head":"<!-- This site is optimized with the Yoast SEO plugin v25.8 - https:\/\/yoast.com\/wordpress\/plugins\/seo\/ -->\n<title>Flying school - Beaune Montgolfi\u00e8res<\/title>\n<meta name=\"robots\" content=\"index, follow, max-snippet:-1, max-image-preview:large, max-video-preview:-1\" \/>\n<link rel=\"canonical\" href=\"https:\/\/www.beaune-montgolfiere.fr\/en\/flying-school\/\" \/>\n<meta property=\"og:locale\" content=\"en_US\" \/>\n<meta property=\"og:type\" content=\"article\" \/>\n<meta property=\"og:title\" content=\"Flying school - Beaune Montgolfi\u00e8res\" \/>\n<meta property=\"og:description\" content=\"Hot-air balloon training Learn to fly a hot-air balloon Whether it&#8217;s for a single flight or for the rest of your life, Beaune-Montgolfi\u00e8re offers training by a federal instructor. He can teach you the rigorous art of hot-air balloon piloting, while sharing his passion with you in a friendly atmosphere. Following solid training in hot-air [&hellip;]\" \/>\n<meta property=\"og:url\" content=\"https:\/\/www.beaune-montgolfiere.fr\/en\/flying-school\/\" \/>\n<meta property=\"og:site_name\" content=\"Beaune Montgolfi\u00e8res\" \/>\n<meta property=\"article:modified_time\" content=\"2025-09-03T09:49:04+00:00\" \/>\n<meta property=\"og:image\" content=\"https:\/\/www.beaune-montgolfiere.fr\/wp-content\/uploads\/2024\/11\/pilotage.jpg\" \/>\n\t<meta property=\"og:image:width\" content=\"600\" \/>\n\t<meta property=\"og:image:height\" content=\"600\" \/>\n\t<meta property=\"og:image:type\" content=\"image\/jpeg\" \/>\n<meta name=\"twitter:card\" content=\"summary_large_image\" \/>\n<meta name=\"twitter:label1\" content=\"Est. reading time\" \/>\n\t<meta name=\"twitter:data1\" content=\"1 minute\" \/>\n<script type=\"application\/ld+json\" class=\"yoast-schema-graph\">{\"@context\":\"https:\/\/schema.org\",\"@graph\":[{\"@type\":\"WebPage\",\"@id\":\"https:\/\/www.beaune-montgolfiere.fr\/en\/flying-school\/\",\"url\":\"https:\/\/www.beaune-montgolfiere.fr\/en\/flying-school\/\",\"name\":\"Flying school - Beaune Montgolfi\u00e8res\",\"isPartOf\":{\"@id\":\"https:\/\/www.beaune-montgolfiere.fr\/en\/#website\"},\"primaryImageOfPage\":{\"@id\":\"https:\/\/www.beaune-montgolfiere.fr\/en\/flying-school\/#primaryimage\"},\"image\":{\"@id\":\"https:\/\/www.beaune-montgolfiere.fr\/en\/flying-school\/#primaryimage\"},\"thumbnailUrl\":\"https:\/\/www.beaune-montgolfiere.fr\/wp-content\/uploads\/2024\/11\/pilotage.jpg\",\"datePublished\":\"2024-11-22T07:41:24+00:00\",\"dateModified\":\"2025-09-03T09:49:04+00:00\",\"breadcrumb\":{\"@id\":\"https:\/\/www.beaune-montgolfiere.fr\/en\/flying-school\/#breadcrumb\"},\"inLanguage\":\"en-US\",\"potentialAction\":[{\"@type\":\"ReadAction\",\"target\":[\"https:\/\/www.beaune-montgolfiere.fr\/en\/flying-school\/\"]}]},{\"@type\":\"ImageObject\",\"inLanguage\":\"en-US\",\"@id\":\"https:\/\/www.beaune-montgolfiere.fr\/en\/flying-school\/#primaryimage\",\"url\":\"https:\/\/www.beaune-montgolfiere.fr\/wp-content\/uploads\/2024\/11\/pilotage.jpg\",\"contentUrl\":\"https:\/\/www.beaune-montgolfiere.fr\/wp-content\/uploads\/2024\/11\/pilotage.jpg\"},{\"@type\":\"BreadcrumbList\",\"@id\":\"https:\/\/www.beaune-montgolfiere.fr\/en\/flying-school\/#breadcrumb\",\"itemListElement\":[{\"@type\":\"ListItem\",\"position\":1,\"name\":\"Accueil\",\"item\":\"https:\/\/www.beaune-montgolfiere.fr\/en\/home\/\"},{\"@type\":\"ListItem\",\"position\":2,\"name\":\"Flying school\"}]},{\"@type\":\"WebSite\",\"@id\":\"https:\/\/www.beaune-montgolfiere.fr\/en\/#website\",\"url\":\"https:\/\/www.beaune-montgolfiere.fr\/en\/\",\"name\":\"Beaune Montgolfi\u00e8res\",\"description\":\"Votre vol en Montgolfi\u00e8re, une exp\u00e9rience unique !\",\"publisher\":{\"@id\":\"https:\/\/www.beaune-montgolfiere.fr\/en\/#organization\"},\"potentialAction\":[{\"@type\":\"SearchAction\",\"target\":{\"@type\":\"EntryPoint\",\"urlTemplate\":\"https:\/\/www.beaune-montgolfiere.fr\/en\/?s={search_term_string}\"},\"query-input\":{\"@type\":\"PropertyValueSpecification\",\"valueRequired\":true,\"valueName\":\"search_term_string\"}}],\"inLanguage\":\"en-US\"},{\"@type\":\"Organization\",\"@id\":\"https:\/\/www.beaune-montgolfiere.fr\/en\/#Organization\/\",\"name\":\"Beaune Montgolfi\u00e8res\",\"url\":\"https:\/\/www.beaune-montgolfiere.fr\/en\/\",\"logo\":{\"@type\":\"ImageObject\",\"inLanguage\":\"en-US\",\"@id\":\"https:\/\/www.beaune-montgolfiere.fr\/en\/#\/schema\/logo\/image\/\",\"url\":\"https:\/\/www.beaune-montgolfiere.fr\/wp-content\/uploads\/2024\/11\/lg-beaune-montgolfiere.png\",\"contentUrl\":\"https:\/\/www.beaune-montgolfiere.fr\/wp-content\/uploads\/2024\/11\/lg-beaune-montgolfiere.png\",\"width\":417,\"height\":594,\"caption\":\"Beaune Montgolfi\u00e8res\"},\"image\":{\"@id\":\"https:\/\/www.beaune-montgolfiere.fr\/en\/#\/schema\/logo\/image\/\"}}]}<\/script>\n<!-- \/ Yoast SEO plugin. -->","yoast_head_json":{"title":"Flying school - Beaune Montgolfi\u00e8res","robots":{"index":"index","follow":"follow","max-snippet":"max-snippet:-1","max-image-preview":"max-image-preview:large","max-video-preview":"max-video-preview:-1"},"canonical":"https:\/\/www.beaune-montgolfiere.fr\/en\/flying-school\/","og_locale":"en_US","og_type":"article","og_title":"Flying school - Beaune Montgolfi\u00e8res","og_description":"Hot-air balloon training Learn to fly a hot-air balloon Whether it&#8217;s for a single flight or for the rest of your life, Beaune-Montgolfi\u00e8re offers training by a federal instructor. He can teach you the rigorous art of hot-air balloon piloting, while sharing his passion with you in a friendly atmosphere. Following solid training in hot-air [&hellip;]","og_url":"https:\/\/www.beaune-montgolfiere.fr\/en\/flying-school\/","og_site_name":"Beaune Montgolfi\u00e8res","article_modified_time":"2025-09-03T09:49:04+00:00","og_image":[{"width":600,"height":600,"url":"https:\/\/www.beaune-montgolfiere.fr\/wp-content\/uploads\/2024\/11\/pilotage.jpg","type":"image\/jpeg"}],"twitter_card":"summary_large_image","twitter_misc":{"Est. reading time":"1 minute"},"schema":{"@context":"https:\/\/schema.org","@graph":[{"@type":"WebPage","@id":"https:\/\/www.beaune-montgolfiere.fr\/en\/flying-school\/","url":"https:\/\/www.beaune-montgolfiere.fr\/en\/flying-school\/","name":"Flying school - Beaune Montgolfi\u00e8res","isPartOf":{"@id":"https:\/\/www.beaune-montgolfiere.fr\/en\/#website"},"primaryImageOfPage":{"@id":"https:\/\/www.beaune-montgolfiere.fr\/en\/flying-school\/#primaryimage"},"image":{"@id":"https:\/\/www.beaune-montgolfiere.fr\/en\/flying-school\/#primaryimage"},"thumbnailUrl":"https:\/\/www.beaune-montgolfiere.fr\/wp-content\/uploads\/2024\/11\/pilotage.jpg","datePublished":"2024-11-22T07:41:24+00:00","dateModified":"2025-09-03T09:49:04+00:00","breadcrumb":{"@id":"https:\/\/www.beaune-montgolfiere.fr\/en\/flying-school\/#breadcrumb"},"inLanguage":"en-US","potentialAction":[{"@type":"ReadAction","target":["https:\/\/www.beaune-montgolfiere.fr\/en\/flying-school\/"]}]},{"@type":"ImageObject","inLanguage":"en-US","@id":"https:\/\/www.beaune-montgolfiere.fr\/en\/flying-school\/#primaryimage","url":"https:\/\/www.beaune-montgolfiere.fr\/wp-content\/uploads\/2024\/11\/pilotage.jpg","contentUrl":"https:\/\/www.beaune-montgolfiere.fr\/wp-content\/uploads\/2024\/11\/pilotage.jpg"},{"@type":"BreadcrumbList","@id":"https:\/\/www.beaune-montgolfiere.fr\/en\/flying-school\/#breadcrumb","itemListElement":[{"@type":"ListItem","position":1,"name":"Accueil","item":"https:\/\/www.beaune-montgolfiere.fr\/en\/home\/"},{"@type":"ListItem","position":2,"name":"Flying school"}]},{"@type":"WebSite","@id":"https:\/\/www.beaune-montgolfiere.fr\/en\/#website","url":"https:\/\/www.beaune-montgolfiere.fr\/en\/","name":"Beaune Montgolfi\u00e8res","description":"Votre vol en Montgolfi\u00e8re, une exp\u00e9rience unique !","publisher":{"@id":"https:\/\/www.beaune-montgolfiere.fr\/en\/#organization"},"potentialAction":[{"@type":"SearchAction","target":{"@type":"EntryPoint","urlTemplate":"https:\/\/www.beaune-montgolfiere.fr\/en\/?s={search_term_string}"},"query-input":{"@type":"PropertyValueSpecification","valueRequired":true,"valueName":"search_term_string"}}],"inLanguage":"en-US"},{"@type":"Organization","@id":"https:\/\/www.beaune-montgolfiere.fr\/en\/#Organization\/","name":"Beaune Montgolfi\u00e8res","url":"https:\/\/www.beaune-montgolfiere.fr\/en\/","logo":{"@type":"ImageObject","inLanguage":"en-US","@id":"https:\/\/www.beaune-montgolfiere.fr\/en\/#\/schema\/logo\/image\/","url":"https:\/\/www.beaune-montgolfiere.fr\/wp-content\/uploads\/2024\/11\/lg-beaune-montgolfiere.png","contentUrl":"https:\/\/www.beaune-montgolfiere.fr\/wp-content\/uploads\/2024\/11\/lg-beaune-montgolfiere.png","width":417,"height":594,"caption":"Beaune Montgolfi\u00e8res"},"image":{"@id":"https:\/\/www.beaune-montgolfiere.fr\/en\/#\/schema\/logo\/image\/"}}]}},"_links":{"self":[{"href":"https:\/\/www.beaune-montgolfiere.fr\/en\/wp-json\/wp\/v2\/pages\/2169","targetHints":{"allow":["GET"]}}],"collection":[{"href":"https:\/\/www.beaune-montgolfiere.fr\/en\/wp-json\/wp\/v2\/pages"}],"about":[{"href":"https:\/\/www.beaune-montgolfiere.fr\/en\/wp-json\/wp\/v2\/types\/page"}],"author":[{"embeddable":true,"href":"https:\/\/www.beaune-montgolfiere.fr\/en\/wp-json\/wp\/v2\/users\/1"}],"replies":[{"embeddable":true,"href":"https:\/\/www.beaune-montgolfiere.fr\/en\/wp-json\/wp\/v2\/comments?post=2169"}],"version-history":[{"count":1,"href":"https:\/\/www.beaune-montgolfiere.fr\/en\/wp-json\/wp\/v2\/pages\/2169\/revisions"}],"predecessor-version":[{"id":2170,"href":"https:\/\/www.beaune-montgolfiere.fr\/en\/wp-json\/wp\/v2\/pages\/2169\/revisions\/2170"}],"wp:attachment":[{"href":"https:\/\/www.beaune-montgolfiere.fr\/en\/wp-json\/wp\/v2\/media?parent=2169"}],"wp:term":[{"taxonomy":"category","embeddable":true,"href":"https:\/\/www.beaune-montgolfiere.fr\/en\/wp-json\/wp\/v2\/categories?post=2169"},{"taxonomy":"post_tag","embeddable":true,"href":"https:\/\/www.beaune-montgolfiere.fr\/en\/wp-json\/wp\/v2\/tags?post=2169"}],"curies":[{"name":"wp","href":"https:\/\/api.w.org\/{rel}","templated":true}]}}