{"id":2202,"date":"2024-11-18T18:11:10","date_gmt":"2024-11-18T18:11:10","guid":{"rendered":"https:\/\/www.beaune-montgolfiere.fr\/produit\/exclusive-duo-flight\/"},"modified":"2024-11-18T18:11:10","modified_gmt":"2024-11-18T17:11:10","slug":"exclusive-duo-flight","status":"publish","type":"product","link":"https:\/\/www.beaune-montgolfiere.fr\/en\/produit\/exclusive-duo-flight\/","title":{"rendered":"Exclusive Duo Flight"},"content":{"rendered":"","protected":false},"excerpt":{"rendered":"<div class=\"wpb_text_column wpb_content_element \">\n<div class=\"wpb_wrapper\">\n<div class=\"wpb_text_column wpb_content_element \">\n<div class=\"wpb_wrapper\">\n<div class=\"wpb_text_column wpb_content_element \">\n<div class=\"wpb_wrapper\">\n<p>Fancy an <strong>original<\/strong> getaway with your other half? Come and experience<strong> the fabulous moment of<\/strong> a romantic hot-air balloon ride. A ride in <strong>a private gondola <\/strong>just for you.  <\/p>\n<\/div>\n<\/div>\n<\/div>\n<\/div>\n<div class=\"wpb_text_column wpb_content_element \">\n<div class=\"wpb_wrapper\">\n<div class=\"wpb_text_column wpb_content_element \">\n<div class=\"wpb_wrapper\">\n<div class=\"vc_empty_space\">\n<div class=\"vc_empty_space\">\n<p class=\"vc_empty_space\">An elitist gift sought after by those who want to make this trip a &#8220;top-of-the-range&#8221; souvenir and <strong>seduce the lucky recipient of this flight<\/strong>.<\/p>\n<\/div>\n<div class=\"wpb_column vc_column_container vc_col-sm-4\">\n<div class=\"vc_column-inner\">\n<div class=\"wpb_wrapper\">\n<div class=\"wpb_text_column wpb_content_element \">\n<div class=\"wpb_wrapper\">\n<p>&nbsp;<\/p>\n<p><strong>1000 \u20ac <\/strong>for the Duo<strong>(champagne included<\/strong>) &#8211; <strong>80 \u20ac <\/strong>cancellation insurance for the Duo*.<\/p>\n<\/div>\n<\/div>\n<div class=\"wpb_text_column wpb_content_element \">\n<p>&nbsp;<\/p>\n<p><em>*<strong>Cancellation insurance: <\/strong>100% of ticket price refunded up to 24 hours before departure.<\/em><\/p>\n<\/div>\n<\/div>\n<\/div>\n<\/div>\n<\/div>\n<\/div>\n<\/div>\n<\/div>\n<\/div>\n<div class=\"vc_empty_space\"><\/div>\n<\/div>\n<\/div>\n<div class=\"vc_empty_space\"><\/div>\n","protected":false},"featured_media":1054,"template":"","meta":{"_acf_changed":false},"product_brand":[],"product_cat":[53],"product_tag":[64],"class_list":{"0":"post-2202","1":"product","2":"type-product","3":"status-publish","4":"has-post-thumbnail","6":"product_cat-non-categorise","7":"product_tag-gifts","9":"first","10":"instock","11":"shipping-taxable","12":"purchasable","13":"product-type-variable"},"acf":[],"yoast_head":"<!-- This site is optimized with the Yoast SEO plugin v25.8 - https:\/\/yoast.com\/wordpress\/plugins\/seo\/ -->\n<title>Exclusive Duo Flight - Beaune Montgolfi\u00e8res<\/title>\n<meta name=\"robots\" content=\"index, follow, max-snippet:-1, max-image-preview:large, max-video-preview:-1\" \/>\n<link rel=\"canonical\" href=\"https:\/\/www.beaune-montgolfiere.fr\/en\/produit\/exclusive-duo-flight\/\" \/>\n<meta property=\"og:locale\" content=\"en_US\" \/>\n<meta property=\"og:type\" content=\"article\" \/>\n<meta property=\"og:title\" content=\"Exclusive Duo Flight - Beaune Montgolfi\u00e8res\" \/>\n<meta property=\"og:description\" content=\"Fancy an original getaway with your other half? Come and experience the fabulous moment of a romantic hot-air balloon ride. A ride in a private gondola just for you.       An elitist gift sought after by those who want to make this trip a &quot;top-of-the-range&quot; souvenir and seduce the lucky recipient of this flight.     &nbsp; 1000 \u20ac for the Duo(champagne included) - 80 \u20ac cancellation insurance for the Duo*.   &nbsp; *Cancellation insurance: 100% of ticket price refunded up to 24 hours before departure.\" \/>\n<meta property=\"og:url\" content=\"https:\/\/www.beaune-montgolfiere.fr\/en\/produit\/exclusive-duo-flight\/\" \/>\n<meta property=\"og:site_name\" content=\"Beaune Montgolfi\u00e8res\" \/>\n<meta property=\"og:image\" content=\"https:\/\/www.beaune-montgolfiere.fr\/wp-content\/uploads\/2024\/11\/volduo.jpg\" \/>\n\t<meta property=\"og:image:width\" content=\"650\" \/>\n\t<meta property=\"og:image:height\" content=\"700\" \/>\n\t<meta property=\"og:image:type\" content=\"image\/jpeg\" \/>\n<meta name=\"twitter:card\" content=\"summary_large_image\" \/>\n<script type=\"application\/ld+json\" class=\"yoast-schema-graph\">{\"@context\":\"https:\/\/schema.org\",\"@graph\":[{\"@type\":\"WebPage\",\"@id\":\"https:\/\/www.beaune-montgolfiere.fr\/en\/produit\/exclusive-duo-flight\/\",\"url\":\"https:\/\/www.beaune-montgolfiere.fr\/en\/produit\/exclusive-duo-flight\/\",\"name\":\"Exclusive Duo Flight - Beaune Montgolfi\u00e8res\",\"isPartOf\":{\"@id\":\"https:\/\/www.beaune-montgolfiere.fr\/en\/#website\"},\"primaryImageOfPage\":{\"@id\":\"https:\/\/www.beaune-montgolfiere.fr\/en\/produit\/exclusive-duo-flight\/#primaryimage\"},\"image\":{\"@id\":\"https:\/\/www.beaune-montgolfiere.fr\/en\/produit\/exclusive-duo-flight\/#primaryimage\"},\"thumbnailUrl\":\"https:\/\/www.beaune-montgolfiere.fr\/wp-content\/uploads\/2024\/11\/volduo.jpg\",\"datePublished\":\"2024-11-18T18:11:10+00:00\",\"breadcrumb\":{\"@id\":\"https:\/\/www.beaune-montgolfiere.fr\/en\/produit\/exclusive-duo-flight\/#breadcrumb\"},\"inLanguage\":\"en-US\",\"potentialAction\":[{\"@type\":\"ReadAction\",\"target\":[\"https:\/\/www.beaune-montgolfiere.fr\/en\/produit\/exclusive-duo-flight\/\"]}]},{\"@type\":\"ImageObject\",\"inLanguage\":\"en-US\",\"@id\":\"https:\/\/www.beaune-montgolfiere.fr\/en\/produit\/exclusive-duo-flight\/#primaryimage\",\"url\":\"https:\/\/www.beaune-montgolfiere.fr\/wp-content\/uploads\/2024\/11\/volduo.jpg\",\"contentUrl\":\"https:\/\/www.beaune-montgolfiere.fr\/wp-content\/uploads\/2024\/11\/volduo.jpg\",\"width\":650,\"height\":700},{\"@type\":\"BreadcrumbList\",\"@id\":\"https:\/\/www.beaune-montgolfiere.fr\/en\/produit\/exclusive-duo-flight\/#breadcrumb\",\"itemListElement\":[{\"@type\":\"ListItem\",\"position\":1,\"name\":\"Accueil\",\"item\":\"https:\/\/www.beaune-montgolfiere.fr\/en\/home\/\"},{\"@type\":\"ListItem\",\"position\":2,\"name\":\"Shop\",\"item\":\"https:\/\/www.beaune-montgolfiere.fr\/en\/shop\/\"},{\"@type\":\"ListItem\",\"position\":3,\"name\":\"Exclusive Duo Flight\"}]},{\"@type\":\"WebSite\",\"@id\":\"https:\/\/www.beaune-montgolfiere.fr\/en\/#website\",\"url\":\"https:\/\/www.beaune-montgolfiere.fr\/en\/\",\"name\":\"Beaune Montgolfi\u00e8res\",\"description\":\"Votre vol en Montgolfi\u00e8re, une exp\u00e9rience unique !\",\"publisher\":{\"@id\":\"https:\/\/www.beaune-montgolfiere.fr\/en\/#organization\"},\"potentialAction\":[{\"@type\":\"SearchAction\",\"target\":{\"@type\":\"EntryPoint\",\"urlTemplate\":\"https:\/\/www.beaune-montgolfiere.fr\/en\/?s={search_term_string}\"},\"query-input\":{\"@type\":\"PropertyValueSpecification\",\"valueRequired\":true,\"valueName\":\"search_term_string\"}}],\"inLanguage\":\"en-US\"},{\"@type\":\"Organization\",\"@id\":\"https:\/\/www.beaune-montgolfiere.fr\/en\/#Organization\/\",\"name\":\"Beaune Montgolfi\u00e8res\",\"url\":\"https:\/\/www.beaune-montgolfiere.fr\/en\/\",\"logo\":{\"@type\":\"ImageObject\",\"inLanguage\":\"en-US\",\"@id\":\"https:\/\/www.beaune-montgolfiere.fr\/en\/#\/schema\/logo\/image\/\",\"url\":\"https:\/\/www.beaune-montgolfiere.fr\/wp-content\/uploads\/2024\/11\/lg-beaune-montgolfiere.png\",\"contentUrl\":\"https:\/\/www.beaune-montgolfiere.fr\/wp-content\/uploads\/2024\/11\/lg-beaune-montgolfiere.png\",\"width\":417,\"height\":594,\"caption\":\"Beaune Montgolfi\u00e8res\"},\"image\":{\"@id\":\"https:\/\/www.beaune-montgolfiere.fr\/en\/#\/schema\/logo\/image\/\"}}]}<\/script>\n<!-- \/ Yoast SEO plugin. -->","yoast_head_json":{"title":"Exclusive Duo Flight - Beaune Montgolfi\u00e8res","robots":{"index":"index","follow":"follow","max-snippet":"max-snippet:-1","max-image-preview":"max-image-preview:large","max-video-preview":"max-video-preview:-1"},"canonical":"https:\/\/www.beaune-montgolfiere.fr\/en\/produit\/exclusive-duo-flight\/","og_locale":"en_US","og_type":"article","og_title":"Exclusive Duo Flight - Beaune Montgolfi\u00e8res","og_description":"Fancy an original getaway with your other half? Come and experience the fabulous moment of a romantic hot-air balloon ride. A ride in a private gondola just for you.       An elitist gift sought after by those who want to make this trip a \"top-of-the-range\" souvenir and seduce the lucky recipient of this flight.     &nbsp; 1000 \u20ac for the Duo(champagne included) - 80 \u20ac cancellation insurance for the Duo*.   &nbsp; *Cancellation insurance: 100% of ticket price refunded up to 24 hours before departure.","og_url":"https:\/\/www.beaune-montgolfiere.fr\/en\/produit\/exclusive-duo-flight\/","og_site_name":"Beaune Montgolfi\u00e8res","og_image":[{"width":650,"height":700,"url":"https:\/\/www.beaune-montgolfiere.fr\/wp-content\/uploads\/2024\/11\/volduo.jpg","type":"image\/jpeg"}],"twitter_card":"summary_large_image","schema":{"@context":"https:\/\/schema.org","@graph":[{"@type":"WebPage","@id":"https:\/\/www.beaune-montgolfiere.fr\/en\/produit\/exclusive-duo-flight\/","url":"https:\/\/www.beaune-montgolfiere.fr\/en\/produit\/exclusive-duo-flight\/","name":"Exclusive Duo Flight - Beaune Montgolfi\u00e8res","isPartOf":{"@id":"https:\/\/www.beaune-montgolfiere.fr\/en\/#website"},"primaryImageOfPage":{"@id":"https:\/\/www.beaune-montgolfiere.fr\/en\/produit\/exclusive-duo-flight\/#primaryimage"},"image":{"@id":"https:\/\/www.beaune-montgolfiere.fr\/en\/produit\/exclusive-duo-flight\/#primaryimage"},"thumbnailUrl":"https:\/\/www.beaune-montgolfiere.fr\/wp-content\/uploads\/2024\/11\/volduo.jpg","datePublished":"2024-11-18T18:11:10+00:00","breadcrumb":{"@id":"https:\/\/www.beaune-montgolfiere.fr\/en\/produit\/exclusive-duo-flight\/#breadcrumb"},"inLanguage":"en-US","potentialAction":[{"@type":"ReadAction","target":["https:\/\/www.beaune-montgolfiere.fr\/en\/produit\/exclusive-duo-flight\/"]}]},{"@type":"ImageObject","inLanguage":"en-US","@id":"https:\/\/www.beaune-montgolfiere.fr\/en\/produit\/exclusive-duo-flight\/#primaryimage","url":"https:\/\/www.beaune-montgolfiere.fr\/wp-content\/uploads\/2024\/11\/volduo.jpg","contentUrl":"https:\/\/www.beaune-montgolfiere.fr\/wp-content\/uploads\/2024\/11\/volduo.jpg","width":650,"height":700},{"@type":"BreadcrumbList","@id":"https:\/\/www.beaune-montgolfiere.fr\/en\/produit\/exclusive-duo-flight\/#breadcrumb","itemListElement":[{"@type":"ListItem","position":1,"name":"Accueil","item":"https:\/\/www.beaune-montgolfiere.fr\/en\/home\/"},{"@type":"ListItem","position":2,"name":"Shop","item":"https:\/\/www.beaune-montgolfiere.fr\/en\/shop\/"},{"@type":"ListItem","position":3,"name":"Exclusive Duo Flight"}]},{"@type":"WebSite","@id":"https:\/\/www.beaune-montgolfiere.fr\/en\/#website","url":"https:\/\/www.beaune-montgolfiere.fr\/en\/","name":"Beaune Montgolfi\u00e8res","description":"Votre vol en Montgolfi\u00e8re, une exp\u00e9rience unique !","publisher":{"@id":"https:\/\/www.beaune-montgolfiere.fr\/en\/#organization"},"potentialAction":[{"@type":"SearchAction","target":{"@type":"EntryPoint","urlTemplate":"https:\/\/www.beaune-montgolfiere.fr\/en\/?s={search_term_string}"},"query-input":{"@type":"PropertyValueSpecification","valueRequired":true,"valueName":"search_term_string"}}],"inLanguage":"en-US"},{"@type":"Organization","@id":"https:\/\/www.beaune-montgolfiere.fr\/en\/#Organization\/","name":"Beaune Montgolfi\u00e8res","url":"https:\/\/www.beaune-montgolfiere.fr\/en\/","logo":{"@type":"ImageObject","inLanguage":"en-US","@id":"https:\/\/www.beaune-montgolfiere.fr\/en\/#\/schema\/logo\/image\/","url":"https:\/\/www.beaune-montgolfiere.fr\/wp-content\/uploads\/2024\/11\/lg-beaune-montgolfiere.png","contentUrl":"https:\/\/www.beaune-montgolfiere.fr\/wp-content\/uploads\/2024\/11\/lg-beaune-montgolfiere.png","width":417,"height":594,"caption":"Beaune Montgolfi\u00e8res"},"image":{"@id":"https:\/\/www.beaune-montgolfiere.fr\/en\/#\/schema\/logo\/image\/"}}]}},"_links":{"self":[{"href":"https:\/\/www.beaune-montgolfiere.fr\/en\/wp-json\/wp\/v2\/product\/2202","targetHints":{"allow":["GET"]}}],"collection":[{"href":"https:\/\/www.beaune-montgolfiere.fr\/en\/wp-json\/wp\/v2\/product"}],"about":[{"href":"https:\/\/www.beaune-montgolfiere.fr\/en\/wp-json\/wp\/v2\/types\/product"}],"wp:featuredmedia":[{"embeddable":true,"href":"https:\/\/www.beaune-montgolfiere.fr\/en\/wp-json\/wp\/v2\/media\/1054"}],"wp:attachment":[{"href":"https:\/\/www.beaune-montgolfiere.fr\/en\/wp-json\/wp\/v2\/media?parent=2202"}],"wp:term":[{"taxonomy":"product_brand","embeddable":true,"href":"https:\/\/www.beaune-montgolfiere.fr\/en\/wp-json\/wp\/v2\/product_brand?post=2202"},{"taxonomy":"product_cat","embeddable":true,"href":"https:\/\/www.beaune-montgolfiere.fr\/en\/wp-json\/wp\/v2\/product_cat?post=2202"},{"taxonomy":"product_tag","embeddable":true,"href":"https:\/\/www.beaune-montgolfiere.fr\/en\/wp-json\/wp\/v2\/product_tag?post=2202"}],"curies":[{"name":"wp","href":"https:\/\/api.w.org\/{rel}","templated":true}]}}