{"id":2205,"date":"2024-11-18T18:13:16","date_gmt":"2024-11-18T18:13:16","guid":{"rendered":"https:\/\/www.beaune-montgolfiere.fr\/produit\/group-flight\/"},"modified":"2024-11-18T18:13:16","modified_gmt":"2024-11-18T17:13:16","slug":"group-flight","status":"publish","type":"product","link":"https:\/\/www.beaune-montgolfiere.fr\/en\/produit\/group-flight\/","title":{"rendered":"Group Flight"},"content":{"rendered":"","protected":false},"excerpt":{"rendered":"<div class=\"wpb_text_column wpb_content_element \">\n<div class=\"wpb_wrapper\">\n<div class=\"wpb_text_column wpb_content_element \">\n<div class=\"wpb_wrapper\">\n<p>With <strong>family<\/strong> or <strong>friends<\/strong>, come and share an original and surprising experience!<\/p>\n<p>&nbsp;<\/p>\n<p>Are you a <strong>company<\/strong>? Strengthen the cohesion and team spirit of your employees by offering them unforgettable shared memories! We can accommodate groups in <strong>10- and 5-seat hot-air balloons<\/strong>.  <\/p>\n<p>&nbsp;<\/p>\n<p>After welcoming you, we&#8217;ll take everyone to the take-off site, where you can help us prepare the balloon if you feel like it. Photos inside the balloon as it inflates, a minimum one-hour flight, unforgettable memories, an ascent diploma and a complimentary glass of champagne are all part of the experience. <\/p>\n<p>&nbsp;<\/p>\n<p><strong>For information, prices and bookings, please contact us on 06 51 56 82 56.<\/strong><\/p>\n<\/div>\n<\/div>\n<\/div>\n<\/div>\n","protected":false},"featured_media":502,"template":"","meta":{"_acf_changed":false},"product_brand":[],"product_cat":[53],"product_tag":[],"class_list":{"0":"post-2205","1":"product","2":"type-product","3":"status-publish","4":"has-post-thumbnail","6":"product_cat-non-categorise","8":"first","9":"instock","10":"shipping-taxable","11":"product-type-simple"},"acf":[],"yoast_head":"<!-- This site is optimized with the Yoast SEO plugin v25.8 - https:\/\/yoast.com\/wordpress\/plugins\/seo\/ -->\n<title>Group Flight - Beaune Montgolfi\u00e8res<\/title>\n<meta name=\"robots\" content=\"index, follow, max-snippet:-1, max-image-preview:large, max-video-preview:-1\" \/>\n<link rel=\"canonical\" href=\"https:\/\/www.beaune-montgolfiere.fr\/en\/produit\/group-flight\/\" \/>\n<meta property=\"og:locale\" content=\"en_US\" \/>\n<meta property=\"og:type\" content=\"article\" \/>\n<meta property=\"og:title\" content=\"Group Flight - Beaune Montgolfi\u00e8res\" \/>\n<meta property=\"og:description\" content=\"With family or friends, come and share an original and surprising experience! &nbsp; Are you a company? Strengthen the cohesion and team spirit of your employees by offering them unforgettable shared memories! We can accommodate groups in 10- and 5-seat hot-air balloons.  &nbsp; After welcoming you, we&#039;ll take everyone to the take-off site, where you can help us prepare the balloon if you feel like it. Photos inside the balloon as it inflates, a minimum one-hour flight, unforgettable memories, an ascent diploma and a complimentary glass of champagne are all part of the experience.  &nbsp; For information, prices and bookings, please contact us on 06 51 56 82 56.\" \/>\n<meta property=\"og:url\" content=\"https:\/\/www.beaune-montgolfiere.fr\/en\/produit\/group-flight\/\" \/>\n<meta property=\"og:site_name\" content=\"Beaune Montgolfi\u00e8res\" \/>\n<meta property=\"og:image\" content=\"https:\/\/www.beaune-montgolfiere.fr\/wp-content\/uploads\/2024\/11\/voldegroupe.jpg\" \/>\n\t<meta property=\"og:image:width\" content=\"650\" \/>\n\t<meta property=\"og:image:height\" content=\"700\" \/>\n\t<meta property=\"og:image:type\" content=\"image\/jpeg\" \/>\n<meta name=\"twitter:card\" content=\"summary_large_image\" \/>\n<script type=\"application\/ld+json\" class=\"yoast-schema-graph\">{\"@context\":\"https:\/\/schema.org\",\"@graph\":[{\"@type\":\"WebPage\",\"@id\":\"https:\/\/www.beaune-montgolfiere.fr\/en\/produit\/group-flight\/\",\"url\":\"https:\/\/www.beaune-montgolfiere.fr\/en\/produit\/group-flight\/\",\"name\":\"Group Flight - Beaune Montgolfi\u00e8res\",\"isPartOf\":{\"@id\":\"https:\/\/www.beaune-montgolfiere.fr\/en\/#website\"},\"primaryImageOfPage\":{\"@id\":\"https:\/\/www.beaune-montgolfiere.fr\/en\/produit\/group-flight\/#primaryimage\"},\"image\":{\"@id\":\"https:\/\/www.beaune-montgolfiere.fr\/en\/produit\/group-flight\/#primaryimage\"},\"thumbnailUrl\":\"https:\/\/www.beaune-montgolfiere.fr\/wp-content\/uploads\/2024\/11\/voldegroupe.jpg\",\"datePublished\":\"2024-11-18T18:13:16+00:00\",\"breadcrumb\":{\"@id\":\"https:\/\/www.beaune-montgolfiere.fr\/en\/produit\/group-flight\/#breadcrumb\"},\"inLanguage\":\"en-US\",\"potentialAction\":[{\"@type\":\"ReadAction\",\"target\":[\"https:\/\/www.beaune-montgolfiere.fr\/en\/produit\/group-flight\/\"]}]},{\"@type\":\"ImageObject\",\"inLanguage\":\"en-US\",\"@id\":\"https:\/\/www.beaune-montgolfiere.fr\/en\/produit\/group-flight\/#primaryimage\",\"url\":\"https:\/\/www.beaune-montgolfiere.fr\/wp-content\/uploads\/2024\/11\/voldegroupe.jpg\",\"contentUrl\":\"https:\/\/www.beaune-montgolfiere.fr\/wp-content\/uploads\/2024\/11\/voldegroupe.jpg\",\"width\":650,\"height\":700},{\"@type\":\"BreadcrumbList\",\"@id\":\"https:\/\/www.beaune-montgolfiere.fr\/en\/produit\/group-flight\/#breadcrumb\",\"itemListElement\":[{\"@type\":\"ListItem\",\"position\":1,\"name\":\"Accueil\",\"item\":\"https:\/\/www.beaune-montgolfiere.fr\/en\/home\/\"},{\"@type\":\"ListItem\",\"position\":2,\"name\":\"Shop\",\"item\":\"https:\/\/www.beaune-montgolfiere.fr\/en\/shop\/\"},{\"@type\":\"ListItem\",\"position\":3,\"name\":\"Group Flight\"}]},{\"@type\":\"WebSite\",\"@id\":\"https:\/\/www.beaune-montgolfiere.fr\/en\/#website\",\"url\":\"https:\/\/www.beaune-montgolfiere.fr\/en\/\",\"name\":\"Beaune Montgolfi\u00e8res\",\"description\":\"Votre vol en Montgolfi\u00e8re, une exp\u00e9rience unique !\",\"publisher\":{\"@id\":\"https:\/\/www.beaune-montgolfiere.fr\/en\/#organization\"},\"potentialAction\":[{\"@type\":\"SearchAction\",\"target\":{\"@type\":\"EntryPoint\",\"urlTemplate\":\"https:\/\/www.beaune-montgolfiere.fr\/en\/?s={search_term_string}\"},\"query-input\":{\"@type\":\"PropertyValueSpecification\",\"valueRequired\":true,\"valueName\":\"search_term_string\"}}],\"inLanguage\":\"en-US\"},{\"@type\":\"Organization\",\"@id\":\"https:\/\/www.beaune-montgolfiere.fr\/en\/#Organization\/\",\"name\":\"Beaune Montgolfi\u00e8res\",\"url\":\"https:\/\/www.beaune-montgolfiere.fr\/en\/\",\"logo\":{\"@type\":\"ImageObject\",\"inLanguage\":\"en-US\",\"@id\":\"https:\/\/www.beaune-montgolfiere.fr\/en\/#\/schema\/logo\/image\/\",\"url\":\"https:\/\/www.beaune-montgolfiere.fr\/wp-content\/uploads\/2024\/11\/lg-beaune-montgolfiere.png\",\"contentUrl\":\"https:\/\/www.beaune-montgolfiere.fr\/wp-content\/uploads\/2024\/11\/lg-beaune-montgolfiere.png\",\"width\":417,\"height\":594,\"caption\":\"Beaune Montgolfi\u00e8res\"},\"image\":{\"@id\":\"https:\/\/www.beaune-montgolfiere.fr\/en\/#\/schema\/logo\/image\/\"}}]}<\/script>\n<!-- \/ Yoast SEO plugin. -->","yoast_head_json":{"title":"Group Flight - Beaune Montgolfi\u00e8res","robots":{"index":"index","follow":"follow","max-snippet":"max-snippet:-1","max-image-preview":"max-image-preview:large","max-video-preview":"max-video-preview:-1"},"canonical":"https:\/\/www.beaune-montgolfiere.fr\/en\/produit\/group-flight\/","og_locale":"en_US","og_type":"article","og_title":"Group Flight - Beaune Montgolfi\u00e8res","og_description":"With family or friends, come and share an original and surprising experience! &nbsp; Are you a company? Strengthen the cohesion and team spirit of your employees by offering them unforgettable shared memories! We can accommodate groups in 10- and 5-seat hot-air balloons.  &nbsp; After welcoming you, we'll take everyone to the take-off site, where you can help us prepare the balloon if you feel like it. Photos inside the balloon as it inflates, a minimum one-hour flight, unforgettable memories, an ascent diploma and a complimentary glass of champagne are all part of the experience.  &nbsp; For information, prices and bookings, please contact us on 06 51 56 82 56.","og_url":"https:\/\/www.beaune-montgolfiere.fr\/en\/produit\/group-flight\/","og_site_name":"Beaune Montgolfi\u00e8res","og_image":[{"width":650,"height":700,"url":"https:\/\/www.beaune-montgolfiere.fr\/wp-content\/uploads\/2024\/11\/voldegroupe.jpg","type":"image\/jpeg"}],"twitter_card":"summary_large_image","schema":{"@context":"https:\/\/schema.org","@graph":[{"@type":"WebPage","@id":"https:\/\/www.beaune-montgolfiere.fr\/en\/produit\/group-flight\/","url":"https:\/\/www.beaune-montgolfiere.fr\/en\/produit\/group-flight\/","name":"Group Flight - Beaune Montgolfi\u00e8res","isPartOf":{"@id":"https:\/\/www.beaune-montgolfiere.fr\/en\/#website"},"primaryImageOfPage":{"@id":"https:\/\/www.beaune-montgolfiere.fr\/en\/produit\/group-flight\/#primaryimage"},"image":{"@id":"https:\/\/www.beaune-montgolfiere.fr\/en\/produit\/group-flight\/#primaryimage"},"thumbnailUrl":"https:\/\/www.beaune-montgolfiere.fr\/wp-content\/uploads\/2024\/11\/voldegroupe.jpg","datePublished":"2024-11-18T18:13:16+00:00","breadcrumb":{"@id":"https:\/\/www.beaune-montgolfiere.fr\/en\/produit\/group-flight\/#breadcrumb"},"inLanguage":"en-US","potentialAction":[{"@type":"ReadAction","target":["https:\/\/www.beaune-montgolfiere.fr\/en\/produit\/group-flight\/"]}]},{"@type":"ImageObject","inLanguage":"en-US","@id":"https:\/\/www.beaune-montgolfiere.fr\/en\/produit\/group-flight\/#primaryimage","url":"https:\/\/www.beaune-montgolfiere.fr\/wp-content\/uploads\/2024\/11\/voldegroupe.jpg","contentUrl":"https:\/\/www.beaune-montgolfiere.fr\/wp-content\/uploads\/2024\/11\/voldegroupe.jpg","width":650,"height":700},{"@type":"BreadcrumbList","@id":"https:\/\/www.beaune-montgolfiere.fr\/en\/produit\/group-flight\/#breadcrumb","itemListElement":[{"@type":"ListItem","position":1,"name":"Accueil","item":"https:\/\/www.beaune-montgolfiere.fr\/en\/home\/"},{"@type":"ListItem","position":2,"name":"Shop","item":"https:\/\/www.beaune-montgolfiere.fr\/en\/shop\/"},{"@type":"ListItem","position":3,"name":"Group Flight"}]},{"@type":"WebSite","@id":"https:\/\/www.beaune-montgolfiere.fr\/en\/#website","url":"https:\/\/www.beaune-montgolfiere.fr\/en\/","name":"Beaune Montgolfi\u00e8res","description":"Votre vol en Montgolfi\u00e8re, une exp\u00e9rience unique !","publisher":{"@id":"https:\/\/www.beaune-montgolfiere.fr\/en\/#organization"},"potentialAction":[{"@type":"SearchAction","target":{"@type":"EntryPoint","urlTemplate":"https:\/\/www.beaune-montgolfiere.fr\/en\/?s={search_term_string}"},"query-input":{"@type":"PropertyValueSpecification","valueRequired":true,"valueName":"search_term_string"}}],"inLanguage":"en-US"},{"@type":"Organization","@id":"https:\/\/www.beaune-montgolfiere.fr\/en\/#Organization\/","name":"Beaune Montgolfi\u00e8res","url":"https:\/\/www.beaune-montgolfiere.fr\/en\/","logo":{"@type":"ImageObject","inLanguage":"en-US","@id":"https:\/\/www.beaune-montgolfiere.fr\/en\/#\/schema\/logo\/image\/","url":"https:\/\/www.beaune-montgolfiere.fr\/wp-content\/uploads\/2024\/11\/lg-beaune-montgolfiere.png","contentUrl":"https:\/\/www.beaune-montgolfiere.fr\/wp-content\/uploads\/2024\/11\/lg-beaune-montgolfiere.png","width":417,"height":594,"caption":"Beaune Montgolfi\u00e8res"},"image":{"@id":"https:\/\/www.beaune-montgolfiere.fr\/en\/#\/schema\/logo\/image\/"}}]}},"_links":{"self":[{"href":"https:\/\/www.beaune-montgolfiere.fr\/en\/wp-json\/wp\/v2\/product\/2205","targetHints":{"allow":["GET"]}}],"collection":[{"href":"https:\/\/www.beaune-montgolfiere.fr\/en\/wp-json\/wp\/v2\/product"}],"about":[{"href":"https:\/\/www.beaune-montgolfiere.fr\/en\/wp-json\/wp\/v2\/types\/product"}],"wp:featuredmedia":[{"embeddable":true,"href":"https:\/\/www.beaune-montgolfiere.fr\/en\/wp-json\/wp\/v2\/media\/502"}],"wp:attachment":[{"href":"https:\/\/www.beaune-montgolfiere.fr\/en\/wp-json\/wp\/v2\/media?parent=2205"}],"wp:term":[{"taxonomy":"product_brand","embeddable":true,"href":"https:\/\/www.beaune-montgolfiere.fr\/en\/wp-json\/wp\/v2\/product_brand?post=2205"},{"taxonomy":"product_cat","embeddable":true,"href":"https:\/\/www.beaune-montgolfiere.fr\/en\/wp-json\/wp\/v2\/product_cat?post=2205"},{"taxonomy":"product_tag","embeddable":true,"href":"https:\/\/www.beaune-montgolfiere.fr\/en\/wp-json\/wp\/v2\/product_tag?post=2205"}],"curies":[{"name":"wp","href":"https:\/\/api.w.org\/{rel}","templated":true}]}}