{"id":2207,"date":"2024-11-18T18:13:16","date_gmt":"2024-11-18T17:13:16","guid":{"rendered":"https:\/\/www.beaune-montgolfiere.fr\/produit\/private-carrycot\/"},"modified":"2026-03-24T13:56:31","modified_gmt":"2026-03-24T12:56:31","slug":"private-carrycot","status":"publish","type":"product","link":"https:\/\/www.beaune-montgolfiere.fr\/en\/produit\/private-carrycot\/","title":{"rendered":"Private carrycot"},"content":{"rendered":"","protected":false},"excerpt":{"rendered":"<div class=\"wpb_text_column wpb_content_element \">\n<div class=\"wpb_wrapper\">\n<div class=\"wpb_text_column wpb_content_element \">\n<div class=\"wpb_wrapper\">\n<p><strong>Looking for a magical experience to share with your loved ones? <\/strong><\/p>\n<p>Take advantage of our private gondolas and soar over the C\u00f4te d&#8217;Or vineyards in complete privacy.<\/p>\n<p>Our team organizes a flight just for you, and you share the basket only with the pilot.<\/p>\n<div class=\"wpb_column vc_column_container vc_col-sm-4\">\n<div class=\"vc_column-inner\">\n<div class=\"wpb_wrapper\">\n<div class=\"wpb_text_column wpb_content_element \">\n<div class=\"wpb_wrapper\">\n<p>&nbsp;<\/p>\n<p><strong>1500\u20ac<\/strong> for 3 people then <strong>400\u20ac<\/strong> per additional person. <strong>40 \u20ac<\/strong> cancellation insurance per person*.<\/p>\n<p>&nbsp;<\/p>\n<\/div>\n<div class=\"wpb_column vc_column_container vc_col-sm-8\">\n<div class=\"vc_column-inner\">\n<div class=\"wpb_wrapper\">\n<div class=\"wpb_text_column wpb_content_element \">\n<div class=\"wpb_wrapper\">\n<p>*<strong>Cancellation insurance: <\/strong>100% of ticket price refunded up to 24 hours before departure.<\/p>\n<\/div>\n<\/div>\n<\/div>\n<\/div>\n<\/div>\n<\/div>\n<\/div>\n<\/div>\n<\/div>\n<\/div>\n<\/div>\n<\/div>\n<\/div>\n<div class=\"vc_empty_space\"><\/div>\n","protected":false},"featured_media":1095,"template":"","meta":{"_acf_changed":false},"product_brand":[],"product_cat":[53],"product_tag":[64],"class_list":{"0":"post-2207","1":"product","2":"type-product","3":"status-publish","4":"has-post-thumbnail","6":"product_cat-non-categorise","7":"product_tag-gifts","9":"first","10":"instock","11":"shipping-taxable","12":"purchasable","13":"product-type-variable"},"acf":[],"yoast_head":"<!-- This site is optimized with the Yoast SEO plugin v25.8 - https:\/\/yoast.com\/wordpress\/plugins\/seo\/ -->\n<title>Private carrycot - Beaune Montgolfi\u00e8res<\/title>\n<meta name=\"robots\" content=\"index, follow, max-snippet:-1, max-image-preview:large, max-video-preview:-1\" \/>\n<link rel=\"canonical\" href=\"https:\/\/www.beaune-montgolfiere.fr\/en\/produit\/private-carrycot\/\" \/>\n<meta property=\"og:locale\" content=\"en_US\" \/>\n<meta property=\"og:type\" content=\"article\" \/>\n<meta property=\"og:title\" content=\"Private carrycot - Beaune Montgolfi\u00e8res\" \/>\n<meta property=\"og:description\" content=\"Looking for a magical experience to share with your loved ones?   Take advantage of our private gondolas and soar over the C\u00f4te d&#039;Or vineyards in complete privacy.  Our team organizes a flight just for you, and you share the basket only with the pilot.       &nbsp;  1500\u20ac for 3 people then 400\u20ac per additional person. 40 \u20ac cancellation insurance per person*.  &nbsp;         *Cancellation insurance: 100% of ticket price refunded up to 24 hours before departure.\" \/>\n<meta property=\"og:url\" content=\"https:\/\/www.beaune-montgolfiere.fr\/en\/produit\/private-carrycot\/\" \/>\n<meta property=\"og:site_name\" content=\"Beaune Montgolfi\u00e8res\" \/>\n<meta property=\"article:modified_time\" content=\"2026-03-24T12:56:31+00:00\" \/>\n<meta property=\"og:image\" content=\"https:\/\/www.beaune-montgolfiere.fr\/wp-content\/uploads\/2024\/11\/nacelleprivative.jpg\" \/>\n\t<meta property=\"og:image:width\" content=\"650\" \/>\n\t<meta property=\"og:image:height\" content=\"700\" \/>\n\t<meta property=\"og:image:type\" content=\"image\/jpeg\" \/>\n<meta name=\"twitter:card\" content=\"summary_large_image\" \/>\n<meta name=\"twitter:label1\" content=\"Est. reading time\" \/>\n\t<meta name=\"twitter:data1\" content=\"1 minute\" \/>\n<script type=\"application\/ld+json\" class=\"yoast-schema-graph\">{\"@context\":\"https:\/\/schema.org\",\"@graph\":[{\"@type\":\"WebPage\",\"@id\":\"https:\/\/www.beaune-montgolfiere.fr\/en\/produit\/private-carrycot\/\",\"url\":\"https:\/\/www.beaune-montgolfiere.fr\/en\/produit\/private-carrycot\/\",\"name\":\"Private carrycot - Beaune Montgolfi\u00e8res\",\"isPartOf\":{\"@id\":\"https:\/\/www.beaune-montgolfiere.fr\/en\/#website\"},\"primaryImageOfPage\":{\"@id\":\"https:\/\/www.beaune-montgolfiere.fr\/en\/produit\/private-carrycot\/#primaryimage\"},\"image\":{\"@id\":\"https:\/\/www.beaune-montgolfiere.fr\/en\/produit\/private-carrycot\/#primaryimage\"},\"thumbnailUrl\":\"https:\/\/www.beaune-montgolfiere.fr\/wp-content\/uploads\/2024\/11\/nacelleprivative.jpg\",\"datePublished\":\"2024-11-18T17:13:16+00:00\",\"dateModified\":\"2026-03-24T12:56:31+00:00\",\"breadcrumb\":{\"@id\":\"https:\/\/www.beaune-montgolfiere.fr\/en\/produit\/private-carrycot\/#breadcrumb\"},\"inLanguage\":\"en-US\",\"potentialAction\":[{\"@type\":\"ReadAction\",\"target\":[\"https:\/\/www.beaune-montgolfiere.fr\/en\/produit\/private-carrycot\/\"]}]},{\"@type\":\"ImageObject\",\"inLanguage\":\"en-US\",\"@id\":\"https:\/\/www.beaune-montgolfiere.fr\/en\/produit\/private-carrycot\/#primaryimage\",\"url\":\"https:\/\/www.beaune-montgolfiere.fr\/wp-content\/uploads\/2024\/11\/nacelleprivative.jpg\",\"contentUrl\":\"https:\/\/www.beaune-montgolfiere.fr\/wp-content\/uploads\/2024\/11\/nacelleprivative.jpg\",\"width\":650,\"height\":700},{\"@type\":\"BreadcrumbList\",\"@id\":\"https:\/\/www.beaune-montgolfiere.fr\/en\/produit\/private-carrycot\/#breadcrumb\",\"itemListElement\":[{\"@type\":\"ListItem\",\"position\":1,\"name\":\"Accueil\",\"item\":\"https:\/\/www.beaune-montgolfiere.fr\/en\/home\/\"},{\"@type\":\"ListItem\",\"position\":2,\"name\":\"Shop\",\"item\":\"https:\/\/www.beaune-montgolfiere.fr\/en\/shop\/\"},{\"@type\":\"ListItem\",\"position\":3,\"name\":\"Private carrycot\"}]},{\"@type\":\"WebSite\",\"@id\":\"https:\/\/www.beaune-montgolfiere.fr\/en\/#website\",\"url\":\"https:\/\/www.beaune-montgolfiere.fr\/en\/\",\"name\":\"Beaune Montgolfi\u00e8res\",\"description\":\"Votre vol en Montgolfi\u00e8re, une exp\u00e9rience unique !\",\"publisher\":{\"@id\":\"https:\/\/www.beaune-montgolfiere.fr\/en\/#organization\"},\"potentialAction\":[{\"@type\":\"SearchAction\",\"target\":{\"@type\":\"EntryPoint\",\"urlTemplate\":\"https:\/\/www.beaune-montgolfiere.fr\/en\/?s={search_term_string}\"},\"query-input\":{\"@type\":\"PropertyValueSpecification\",\"valueRequired\":true,\"valueName\":\"search_term_string\"}}],\"inLanguage\":\"en-US\"},{\"@type\":\"Organization\",\"@id\":\"https:\/\/www.beaune-montgolfiere.fr\/en\/#Organization\/\",\"name\":\"Beaune Montgolfi\u00e8res\",\"url\":\"https:\/\/www.beaune-montgolfiere.fr\/en\/\",\"logo\":{\"@type\":\"ImageObject\",\"inLanguage\":\"en-US\",\"@id\":\"https:\/\/www.beaune-montgolfiere.fr\/en\/#\/schema\/logo\/image\/\",\"url\":\"https:\/\/www.beaune-montgolfiere.fr\/wp-content\/uploads\/2024\/11\/lg-beaune-montgolfiere.png\",\"contentUrl\":\"https:\/\/www.beaune-montgolfiere.fr\/wp-content\/uploads\/2024\/11\/lg-beaune-montgolfiere.png\",\"width\":417,\"height\":594,\"caption\":\"Beaune Montgolfi\u00e8res\"},\"image\":{\"@id\":\"https:\/\/www.beaune-montgolfiere.fr\/en\/#\/schema\/logo\/image\/\"}}]}<\/script>\n<!-- \/ Yoast SEO plugin. -->","yoast_head_json":{"title":"Private carrycot - Beaune Montgolfi\u00e8res","robots":{"index":"index","follow":"follow","max-snippet":"max-snippet:-1","max-image-preview":"max-image-preview:large","max-video-preview":"max-video-preview:-1"},"canonical":"https:\/\/www.beaune-montgolfiere.fr\/en\/produit\/private-carrycot\/","og_locale":"en_US","og_type":"article","og_title":"Private carrycot - Beaune Montgolfi\u00e8res","og_description":"Looking for a magical experience to share with your loved ones?   Take advantage of our private gondolas and soar over the C\u00f4te d'Or vineyards in complete privacy.  Our team organizes a flight just for you, and you share the basket only with the pilot.       &nbsp;  1500\u20ac for 3 people then 400\u20ac per additional person. 40 \u20ac cancellation insurance per person*.  &nbsp;         *Cancellation insurance: 100% of ticket price refunded up to 24 hours before departure.","og_url":"https:\/\/www.beaune-montgolfiere.fr\/en\/produit\/private-carrycot\/","og_site_name":"Beaune Montgolfi\u00e8res","article_modified_time":"2026-03-24T12:56:31+00:00","og_image":[{"width":650,"height":700,"url":"https:\/\/www.beaune-montgolfiere.fr\/wp-content\/uploads\/2024\/11\/nacelleprivative.jpg","type":"image\/jpeg"}],"twitter_card":"summary_large_image","twitter_misc":{"Est. reading time":"1 minute"},"schema":{"@context":"https:\/\/schema.org","@graph":[{"@type":"WebPage","@id":"https:\/\/www.beaune-montgolfiere.fr\/en\/produit\/private-carrycot\/","url":"https:\/\/www.beaune-montgolfiere.fr\/en\/produit\/private-carrycot\/","name":"Private carrycot - Beaune Montgolfi\u00e8res","isPartOf":{"@id":"https:\/\/www.beaune-montgolfiere.fr\/en\/#website"},"primaryImageOfPage":{"@id":"https:\/\/www.beaune-montgolfiere.fr\/en\/produit\/private-carrycot\/#primaryimage"},"image":{"@id":"https:\/\/www.beaune-montgolfiere.fr\/en\/produit\/private-carrycot\/#primaryimage"},"thumbnailUrl":"https:\/\/www.beaune-montgolfiere.fr\/wp-content\/uploads\/2024\/11\/nacelleprivative.jpg","datePublished":"2024-11-18T17:13:16+00:00","dateModified":"2026-03-24T12:56:31+00:00","breadcrumb":{"@id":"https:\/\/www.beaune-montgolfiere.fr\/en\/produit\/private-carrycot\/#breadcrumb"},"inLanguage":"en-US","potentialAction":[{"@type":"ReadAction","target":["https:\/\/www.beaune-montgolfiere.fr\/en\/produit\/private-carrycot\/"]}]},{"@type":"ImageObject","inLanguage":"en-US","@id":"https:\/\/www.beaune-montgolfiere.fr\/en\/produit\/private-carrycot\/#primaryimage","url":"https:\/\/www.beaune-montgolfiere.fr\/wp-content\/uploads\/2024\/11\/nacelleprivative.jpg","contentUrl":"https:\/\/www.beaune-montgolfiere.fr\/wp-content\/uploads\/2024\/11\/nacelleprivative.jpg","width":650,"height":700},{"@type":"BreadcrumbList","@id":"https:\/\/www.beaune-montgolfiere.fr\/en\/produit\/private-carrycot\/#breadcrumb","itemListElement":[{"@type":"ListItem","position":1,"name":"Accueil","item":"https:\/\/www.beaune-montgolfiere.fr\/en\/home\/"},{"@type":"ListItem","position":2,"name":"Shop","item":"https:\/\/www.beaune-montgolfiere.fr\/en\/shop\/"},{"@type":"ListItem","position":3,"name":"Private carrycot"}]},{"@type":"WebSite","@id":"https:\/\/www.beaune-montgolfiere.fr\/en\/#website","url":"https:\/\/www.beaune-montgolfiere.fr\/en\/","name":"Beaune Montgolfi\u00e8res","description":"Votre vol en Montgolfi\u00e8re, une exp\u00e9rience unique !","publisher":{"@id":"https:\/\/www.beaune-montgolfiere.fr\/en\/#organization"},"potentialAction":[{"@type":"SearchAction","target":{"@type":"EntryPoint","urlTemplate":"https:\/\/www.beaune-montgolfiere.fr\/en\/?s={search_term_string}"},"query-input":{"@type":"PropertyValueSpecification","valueRequired":true,"valueName":"search_term_string"}}],"inLanguage":"en-US"},{"@type":"Organization","@id":"https:\/\/www.beaune-montgolfiere.fr\/en\/#Organization\/","name":"Beaune Montgolfi\u00e8res","url":"https:\/\/www.beaune-montgolfiere.fr\/en\/","logo":{"@type":"ImageObject","inLanguage":"en-US","@id":"https:\/\/www.beaune-montgolfiere.fr\/en\/#\/schema\/logo\/image\/","url":"https:\/\/www.beaune-montgolfiere.fr\/wp-content\/uploads\/2024\/11\/lg-beaune-montgolfiere.png","contentUrl":"https:\/\/www.beaune-montgolfiere.fr\/wp-content\/uploads\/2024\/11\/lg-beaune-montgolfiere.png","width":417,"height":594,"caption":"Beaune Montgolfi\u00e8res"},"image":{"@id":"https:\/\/www.beaune-montgolfiere.fr\/en\/#\/schema\/logo\/image\/"}}]}},"_links":{"self":[{"href":"https:\/\/www.beaune-montgolfiere.fr\/en\/wp-json\/wp\/v2\/product\/2207","targetHints":{"allow":["GET"]}}],"collection":[{"href":"https:\/\/www.beaune-montgolfiere.fr\/en\/wp-json\/wp\/v2\/product"}],"about":[{"href":"https:\/\/www.beaune-montgolfiere.fr\/en\/wp-json\/wp\/v2\/types\/product"}],"wp:featuredmedia":[{"embeddable":true,"href":"https:\/\/www.beaune-montgolfiere.fr\/en\/wp-json\/wp\/v2\/media\/1095"}],"wp:attachment":[{"href":"https:\/\/www.beaune-montgolfiere.fr\/en\/wp-json\/wp\/v2\/media?parent=2207"}],"wp:term":[{"taxonomy":"product_brand","embeddable":true,"href":"https:\/\/www.beaune-montgolfiere.fr\/en\/wp-json\/wp\/v2\/product_brand?post=2207"},{"taxonomy":"product_cat","embeddable":true,"href":"https:\/\/www.beaune-montgolfiere.fr\/en\/wp-json\/wp\/v2\/product_cat?post=2207"},{"taxonomy":"product_tag","embeddable":true,"href":"https:\/\/www.beaune-montgolfiere.fr\/en\/wp-json\/wp\/v2\/product_tag?post=2207"}],"curies":[{"name":"wp","href":"https:\/\/api.w.org\/{rel}","templated":true}]}}