{"id":2218,"date":"2024-11-20T09:25:22","date_gmt":"2024-11-20T09:25:22","guid":{"rendered":"https:\/\/www.beaune-montgolfiere.fr\/produit\/night-flight\/"},"modified":"2026-03-24T13:57:43","modified_gmt":"2026-03-24T12:57:43","slug":"night-flight","status":"publish","type":"product","link":"https:\/\/www.beaune-montgolfiere.fr\/en\/produit\/night-flight\/","title":{"rendered":"Night flight"},"content":{"rendered":"","protected":false},"excerpt":{"rendered":"<div class=\"wpb_text_column wpb_content_element \">\n<div class=\"wpb_wrapper\">\n<p>Who said hot-air ballooning was a daytime activity? Come and experience the unique <strong>thrill<\/strong> <strong>of<\/strong> a <strong>night balloon flight<\/strong>.<\/p>\n<\/div>\n<\/div>\n<div class=\"wpb_text_column wpb_content_element \">\n<div class=\"wpb_wrapper\">\n<p>The flight begins with an aerial view of <strong>Burgundy projected in the half-light of night<\/strong>.<\/p>\n<\/div>\n<\/div>\n<div class=\"wpb_text_column wpb_content_element \">\n<div class=\"wpb_wrapper\">\n<p>You&#8217;ll fly <strong>as close as possible to the stars<\/strong>, before witnessing a magical moment from the front row: the marvelous morning<strong> sunrise<\/strong>.<\/p>\n<\/div>\n<\/div>\n<div class=\"wpb_text_column wpb_content_element \">\n<div class=\"wpb_wrapper\">\n<p>So, even if you don&#8217;t have the soul of a Mermoz or Saint-Exup\u00e9ry, come and enjoy the unique experience of a night flight in a hot-air balloon.<\/p>\n<div class=\"wpb_column vc_column_container vc_col-sm-4\">\n<div class=\"vc_column-inner\">\n<div class=\"wpb_wrapper\">\n<div class=\"wpb_text_column wpb_content_element \">\n<div class=\"wpb_wrapper\">\n<p><strong>1200 \u20ac<\/strong> for 2 people then <strong>520 \u20ac <\/strong>per additional person. <strong>50 \u20ac<\/strong> cancellation insurance* per person.<\/p>\n<div class=\"wpb_text_column wpb_content_element \">\n<div class=\"wpb_wrapper\">\n<p>&nbsp;<\/p>\n<p>*<strong>Cancellation insurance: <\/strong>100% of ticket price refunded up to 24 hours before departure.<\/p>\n<\/div>\n<\/div>\n<\/div>\n<\/div>\n<\/div>\n<\/div>\n<\/div>\n<\/div>\n<\/div>\n","protected":false},"featured_media":1053,"template":"","meta":{"_acf_changed":false},"product_brand":[],"product_cat":[53],"product_tag":[],"class_list":{"0":"post-2218","1":"product","2":"type-product","3":"status-publish","4":"has-post-thumbnail","6":"product_cat-non-categorise","8":"first","9":"instock","10":"shipping-taxable","11":"purchasable","12":"product-type-variable"},"acf":[],"yoast_head":"<!-- This site is optimized with the Yoast SEO plugin v25.8 - https:\/\/yoast.com\/wordpress\/plugins\/seo\/ -->\n<title>Night flight - Beaune Montgolfi\u00e8res<\/title>\n<meta name=\"robots\" content=\"index, follow, max-snippet:-1, max-image-preview:large, max-video-preview:-1\" \/>\n<link rel=\"canonical\" href=\"https:\/\/www.beaune-montgolfiere.fr\/en\/produit\/night-flight\/\" \/>\n<meta property=\"og:locale\" content=\"en_US\" \/>\n<meta property=\"og:type\" content=\"article\" \/>\n<meta property=\"og:title\" content=\"Night flight - Beaune Montgolfi\u00e8res\" \/>\n<meta property=\"og:description\" content=\"Who said hot-air ballooning was a daytime activity? Come and experience the unique thrill of a night balloon flight.       The flight begins with an aerial view of Burgundy projected in the half-light of night.       You&#039;ll fly as close as possible to the stars, before witnessing a magical moment from the front row: the marvelous morning sunrise.       So, even if you don&#039;t have the soul of a Mermoz or Saint-Exup\u00e9ry, come and enjoy the unique experience of a night flight in a hot-air balloon.       1200 \u20ac for 2 people then 520 \u20ac per additional person. 50 \u20ac cancellation insurance* per person.    &nbsp;  *Cancellation insurance: 100% of ticket price refunded up to 24 hours before departure.\" \/>\n<meta property=\"og:url\" content=\"https:\/\/www.beaune-montgolfiere.fr\/en\/produit\/night-flight\/\" \/>\n<meta property=\"og:site_name\" content=\"Beaune Montgolfi\u00e8res\" \/>\n<meta property=\"article:modified_time\" content=\"2026-03-24T12:57:43+00:00\" \/>\n<meta property=\"og:image\" content=\"https:\/\/www.beaune-montgolfiere.fr\/wp-content\/uploads\/2024\/11\/voldenuit.jpg\" \/>\n\t<meta property=\"og:image:width\" content=\"650\" \/>\n\t<meta property=\"og:image:height\" content=\"700\" \/>\n\t<meta property=\"og:image:type\" content=\"image\/jpeg\" \/>\n<meta name=\"twitter:card\" content=\"summary_large_image\" \/>\n<meta name=\"twitter:label1\" content=\"Est. reading time\" \/>\n\t<meta name=\"twitter:data1\" content=\"1 minute\" \/>\n<script type=\"application\/ld+json\" class=\"yoast-schema-graph\">{\"@context\":\"https:\/\/schema.org\",\"@graph\":[{\"@type\":\"WebPage\",\"@id\":\"https:\/\/www.beaune-montgolfiere.fr\/en\/produit\/night-flight\/\",\"url\":\"https:\/\/www.beaune-montgolfiere.fr\/en\/produit\/night-flight\/\",\"name\":\"Night flight - Beaune Montgolfi\u00e8res\",\"isPartOf\":{\"@id\":\"https:\/\/www.beaune-montgolfiere.fr\/en\/#website\"},\"primaryImageOfPage\":{\"@id\":\"https:\/\/www.beaune-montgolfiere.fr\/en\/produit\/night-flight\/#primaryimage\"},\"image\":{\"@id\":\"https:\/\/www.beaune-montgolfiere.fr\/en\/produit\/night-flight\/#primaryimage\"},\"thumbnailUrl\":\"https:\/\/www.beaune-montgolfiere.fr\/wp-content\/uploads\/2024\/11\/voldenuit.jpg\",\"datePublished\":\"2024-11-20T09:25:22+00:00\",\"dateModified\":\"2026-03-24T12:57:43+00:00\",\"breadcrumb\":{\"@id\":\"https:\/\/www.beaune-montgolfiere.fr\/en\/produit\/night-flight\/#breadcrumb\"},\"inLanguage\":\"en-US\",\"potentialAction\":[{\"@type\":\"ReadAction\",\"target\":[\"https:\/\/www.beaune-montgolfiere.fr\/en\/produit\/night-flight\/\"]}]},{\"@type\":\"ImageObject\",\"inLanguage\":\"en-US\",\"@id\":\"https:\/\/www.beaune-montgolfiere.fr\/en\/produit\/night-flight\/#primaryimage\",\"url\":\"https:\/\/www.beaune-montgolfiere.fr\/wp-content\/uploads\/2024\/11\/voldenuit.jpg\",\"contentUrl\":\"https:\/\/www.beaune-montgolfiere.fr\/wp-content\/uploads\/2024\/11\/voldenuit.jpg\",\"width\":650,\"height\":700},{\"@type\":\"BreadcrumbList\",\"@id\":\"https:\/\/www.beaune-montgolfiere.fr\/en\/produit\/night-flight\/#breadcrumb\",\"itemListElement\":[{\"@type\":\"ListItem\",\"position\":1,\"name\":\"Accueil\",\"item\":\"https:\/\/www.beaune-montgolfiere.fr\/en\/home\/\"},{\"@type\":\"ListItem\",\"position\":2,\"name\":\"Shop\",\"item\":\"https:\/\/www.beaune-montgolfiere.fr\/en\/shop\/\"},{\"@type\":\"ListItem\",\"position\":3,\"name\":\"Night flight\"}]},{\"@type\":\"WebSite\",\"@id\":\"https:\/\/www.beaune-montgolfiere.fr\/en\/#website\",\"url\":\"https:\/\/www.beaune-montgolfiere.fr\/en\/\",\"name\":\"Beaune Montgolfi\u00e8res\",\"description\":\"Votre vol en Montgolfi\u00e8re, une exp\u00e9rience unique !\",\"publisher\":{\"@id\":\"https:\/\/www.beaune-montgolfiere.fr\/en\/#organization\"},\"potentialAction\":[{\"@type\":\"SearchAction\",\"target\":{\"@type\":\"EntryPoint\",\"urlTemplate\":\"https:\/\/www.beaune-montgolfiere.fr\/en\/?s={search_term_string}\"},\"query-input\":{\"@type\":\"PropertyValueSpecification\",\"valueRequired\":true,\"valueName\":\"search_term_string\"}}],\"inLanguage\":\"en-US\"},{\"@type\":\"Organization\",\"@id\":\"https:\/\/www.beaune-montgolfiere.fr\/en\/#Organization\/\",\"name\":\"Beaune Montgolfi\u00e8res\",\"url\":\"https:\/\/www.beaune-montgolfiere.fr\/en\/\",\"logo\":{\"@type\":\"ImageObject\",\"inLanguage\":\"en-US\",\"@id\":\"https:\/\/www.beaune-montgolfiere.fr\/en\/#\/schema\/logo\/image\/\",\"url\":\"https:\/\/www.beaune-montgolfiere.fr\/wp-content\/uploads\/2024\/11\/lg-beaune-montgolfiere.png\",\"contentUrl\":\"https:\/\/www.beaune-montgolfiere.fr\/wp-content\/uploads\/2024\/11\/lg-beaune-montgolfiere.png\",\"width\":417,\"height\":594,\"caption\":\"Beaune Montgolfi\u00e8res\"},\"image\":{\"@id\":\"https:\/\/www.beaune-montgolfiere.fr\/en\/#\/schema\/logo\/image\/\"}}]}<\/script>\n<!-- \/ Yoast SEO plugin. -->","yoast_head_json":{"title":"Night flight - Beaune Montgolfi\u00e8res","robots":{"index":"index","follow":"follow","max-snippet":"max-snippet:-1","max-image-preview":"max-image-preview:large","max-video-preview":"max-video-preview:-1"},"canonical":"https:\/\/www.beaune-montgolfiere.fr\/en\/produit\/night-flight\/","og_locale":"en_US","og_type":"article","og_title":"Night flight - Beaune Montgolfi\u00e8res","og_description":"Who said hot-air ballooning was a daytime activity? Come and experience the unique thrill of a night balloon flight.       The flight begins with an aerial view of Burgundy projected in the half-light of night.       You'll fly as close as possible to the stars, before witnessing a magical moment from the front row: the marvelous morning sunrise.       So, even if you don't have the soul of a Mermoz or Saint-Exup\u00e9ry, come and enjoy the unique experience of a night flight in a hot-air balloon.       1200 \u20ac for 2 people then 520 \u20ac per additional person. 50 \u20ac cancellation insurance* per person.    &nbsp;  *Cancellation insurance: 100% of ticket price refunded up to 24 hours before departure.","og_url":"https:\/\/www.beaune-montgolfiere.fr\/en\/produit\/night-flight\/","og_site_name":"Beaune Montgolfi\u00e8res","article_modified_time":"2026-03-24T12:57:43+00:00","og_image":[{"width":650,"height":700,"url":"https:\/\/www.beaune-montgolfiere.fr\/wp-content\/uploads\/2024\/11\/voldenuit.jpg","type":"image\/jpeg"}],"twitter_card":"summary_large_image","twitter_misc":{"Est. reading time":"1 minute"},"schema":{"@context":"https:\/\/schema.org","@graph":[{"@type":"WebPage","@id":"https:\/\/www.beaune-montgolfiere.fr\/en\/produit\/night-flight\/","url":"https:\/\/www.beaune-montgolfiere.fr\/en\/produit\/night-flight\/","name":"Night flight - Beaune Montgolfi\u00e8res","isPartOf":{"@id":"https:\/\/www.beaune-montgolfiere.fr\/en\/#website"},"primaryImageOfPage":{"@id":"https:\/\/www.beaune-montgolfiere.fr\/en\/produit\/night-flight\/#primaryimage"},"image":{"@id":"https:\/\/www.beaune-montgolfiere.fr\/en\/produit\/night-flight\/#primaryimage"},"thumbnailUrl":"https:\/\/www.beaune-montgolfiere.fr\/wp-content\/uploads\/2024\/11\/voldenuit.jpg","datePublished":"2024-11-20T09:25:22+00:00","dateModified":"2026-03-24T12:57:43+00:00","breadcrumb":{"@id":"https:\/\/www.beaune-montgolfiere.fr\/en\/produit\/night-flight\/#breadcrumb"},"inLanguage":"en-US","potentialAction":[{"@type":"ReadAction","target":["https:\/\/www.beaune-montgolfiere.fr\/en\/produit\/night-flight\/"]}]},{"@type":"ImageObject","inLanguage":"en-US","@id":"https:\/\/www.beaune-montgolfiere.fr\/en\/produit\/night-flight\/#primaryimage","url":"https:\/\/www.beaune-montgolfiere.fr\/wp-content\/uploads\/2024\/11\/voldenuit.jpg","contentUrl":"https:\/\/www.beaune-montgolfiere.fr\/wp-content\/uploads\/2024\/11\/voldenuit.jpg","width":650,"height":700},{"@type":"BreadcrumbList","@id":"https:\/\/www.beaune-montgolfiere.fr\/en\/produit\/night-flight\/#breadcrumb","itemListElement":[{"@type":"ListItem","position":1,"name":"Accueil","item":"https:\/\/www.beaune-montgolfiere.fr\/en\/home\/"},{"@type":"ListItem","position":2,"name":"Shop","item":"https:\/\/www.beaune-montgolfiere.fr\/en\/shop\/"},{"@type":"ListItem","position":3,"name":"Night flight"}]},{"@type":"WebSite","@id":"https:\/\/www.beaune-montgolfiere.fr\/en\/#website","url":"https:\/\/www.beaune-montgolfiere.fr\/en\/","name":"Beaune Montgolfi\u00e8res","description":"Votre vol en Montgolfi\u00e8re, une exp\u00e9rience unique !","publisher":{"@id":"https:\/\/www.beaune-montgolfiere.fr\/en\/#organization"},"potentialAction":[{"@type":"SearchAction","target":{"@type":"EntryPoint","urlTemplate":"https:\/\/www.beaune-montgolfiere.fr\/en\/?s={search_term_string}"},"query-input":{"@type":"PropertyValueSpecification","valueRequired":true,"valueName":"search_term_string"}}],"inLanguage":"en-US"},{"@type":"Organization","@id":"https:\/\/www.beaune-montgolfiere.fr\/en\/#Organization\/","name":"Beaune Montgolfi\u00e8res","url":"https:\/\/www.beaune-montgolfiere.fr\/en\/","logo":{"@type":"ImageObject","inLanguage":"en-US","@id":"https:\/\/www.beaune-montgolfiere.fr\/en\/#\/schema\/logo\/image\/","url":"https:\/\/www.beaune-montgolfiere.fr\/wp-content\/uploads\/2024\/11\/lg-beaune-montgolfiere.png","contentUrl":"https:\/\/www.beaune-montgolfiere.fr\/wp-content\/uploads\/2024\/11\/lg-beaune-montgolfiere.png","width":417,"height":594,"caption":"Beaune Montgolfi\u00e8res"},"image":{"@id":"https:\/\/www.beaune-montgolfiere.fr\/en\/#\/schema\/logo\/image\/"}}]}},"_links":{"self":[{"href":"https:\/\/www.beaune-montgolfiere.fr\/en\/wp-json\/wp\/v2\/product\/2218","targetHints":{"allow":["GET"]}}],"collection":[{"href":"https:\/\/www.beaune-montgolfiere.fr\/en\/wp-json\/wp\/v2\/product"}],"about":[{"href":"https:\/\/www.beaune-montgolfiere.fr\/en\/wp-json\/wp\/v2\/types\/product"}],"wp:featuredmedia":[{"embeddable":true,"href":"https:\/\/www.beaune-montgolfiere.fr\/en\/wp-json\/wp\/v2\/media\/1053"}],"wp:attachment":[{"href":"https:\/\/www.beaune-montgolfiere.fr\/en\/wp-json\/wp\/v2\/media?parent=2218"}],"wp:term":[{"taxonomy":"product_brand","embeddable":true,"href":"https:\/\/www.beaune-montgolfiere.fr\/en\/wp-json\/wp\/v2\/product_brand?post=2218"},{"taxonomy":"product_cat","embeddable":true,"href":"https:\/\/www.beaune-montgolfiere.fr\/en\/wp-json\/wp\/v2\/product_cat?post=2218"},{"taxonomy":"product_tag","embeddable":true,"href":"https:\/\/www.beaune-montgolfiere.fr\/en\/wp-json\/wp\/v2\/product_tag?post=2218"}],"curies":[{"name":"wp","href":"https:\/\/api.w.org\/{rel}","templated":true}]}}